{"id":1665,"date":"2025-10-28T18:20:20","date_gmt":"2025-10-28T18:20:20","guid":{"rendered":"https:\/\/mapp.it\/aplicaciones-moviles\/"},"modified":"2026-01-16T15:02:07","modified_gmt":"2026-01-16T15:02:07","slug":"aplicaciones-moviles","status":"publish","type":"page","link":"https:\/\/mapp.it\/es\/aplicaciones-moviles\/","title":{"rendered":"Aplicaci\u00f3n M\u00f3vil"},"content":{"rendered":"[vc_row][vc_column][mk_revslider id=\u00bbmobile-apps\u00bb][\/vc_column][\/vc_row][mk_page_section bg_gradient=\u00bbhorizontal\u00bb video_color_mask=\u00bb#ff6c08&#8243; gr_end=\u00bb#ef493c\u00bb video_opacity=\u00bb1&#8243; min_height=\u00bb150&#8243; js_vertical_centered=\u00bbtrue\u00bb padding_top=\u00bb50&#8243; margin_bottom=\u00bb30&#8243; sidebar=\u00bbsidebar-1&#8243;][vc_column][vc_row_inner][vc_column_inner width=\u00bb1\/3&#8243;][mk_image src=\u00bbhttp:\/\/mapp.it\/wp-content\/uploads\/2017\/05\/logo_white.png\u00bb image_size=\u00bbfull\u00bb el_class=\u00bbreduced-img\u00bb][\/vc_column_inner][vc_column_inner width=\u00bb1\/3&#8243;][mk_fancy_title color=\u00bb#ffffff\u00bb size=\u00bb38&#8243; font_weight=\u00bb500&#8243; txt_transform=\u00bblowercase\u00bb font_family=\u00bbnone\u00bb align=\u00bbcenter\u00bb]Pru\u00e9balo gratis[\/mk_fancy_title][\/vc_column_inner][vc_column_inner width=\u00bb1\/3&#8243;][\/vc_column_inner][\/vc_row_inner][\/vc_column][\/mk_page_section][vc_row][vc_column][vc_row_inner][vc_column_inner][mk_fancy_title color=\u00bb#0e92cf\u00bb size=\u00bb24&#8243; txt_transform=\u00bbuppercase\u00bb margin_top=\u00bb40&#8243; margin_bottom=\u00bb0&#8243; font_family=\u00bbnone\u00bb responsive_align=\u00bbleft\u00bb el_class=\u00bbpx-5&#8243;]Para descargar la aplicaci\u00f3n m\u00f3vil Mapp.it, escanea el c\u00f3digo QR o pulsa en el enlace[\/mk_fancy_title][\/vc_column_inner][\/vc_row_inner][vc_row_inner][vc_column_inner width=\u00bb1\/2&#8243;][mk_padding_divider][vc_single_image image=\u00bb1692&#8243; img_size=\u00bb200&#215;200&#8243; alignment=\u00bbcenter\u00bb][\/vc_column_inner][vc_column_inner width=\u00bb1\/2&#8243;][mk_padding_divider][vc_single_image image=\u00bb1508&#8243; img_size=\u00bbfull\u00bb onclick=\u00bbcustom_link\u00bb link=\u00bbhttp:\/\/play.google.com\/store\/apps\/details?id=it.mapp.mobile.twa\u00bb][vc_single_image image=\u00bb1516&#8243; img_size=\u00bbfull\u00bb onclick=\u00bbcustom_link\u00bb link=\u00bbhttps:\/\/apps.apple.com\/pt\/app\/mapp-it\/id6744938967&#8243;][\/vc_column_inner][\/vc_row_inner][mk_padding_divider size=\u00bb140&#8243;][\/vc_column][\/vc_row][mk_page_section bg_image=\u00bbhttp:\/\/mapp.it\/wp-content\/uploads\/2017\/05\/footer.jpg\u00bb bg_color=\u00bbrgba(0,0,0,0.55)\u00bb blend_mode=\u00bbdarken\u00bb bg_position=\u00bbcenter center\u00bb bg_stretch=\u00bbtrue\u00bb min_height=\u00bb370&#8243; sidebar=\u00bbsidebar-1&#8243;][vc_column][mk_padding_divider][mk_fancy_title color=\u00bb#ffffff\u00bb size=\u00bb38&#8243; font_weight=\u00bb300&#8243; txt_transform=\u00bbuppercase\u00bb margin_bottom=\u00bb0&#8243; font_family=\u00bbnone\u00bb align=\u00bbcenter\u00bb]Contactos[\/mk_fancy_title][vc_column_text align=\u00bbcenter\u00bb]<span style=\"color: #ffffff;\">Rua de Fund\u00f5es 151<\/span><br \/>\n<span style=\"color: #ffffff;\">3700-121 S. Jo\u00e3o da Madeira, Portugal <\/span>[\/vc_column_text] [vc_row_inner][vc_column_inner width=\u00bb1\/3&#8243;][mk_button dimension=\u00bboutline\u00bb size=\u00bblarge\u00bb url=\u00bb#\u00bb align=\u00bbright\u00bb margin_right=\u00bb0&#8243; outline_skin=\u00bblight\u00bb]+351 256 001 949[\/mk_button][\/vc_column_inner][vc_column_inner width=\u00bb1\/3&#8243;][mk_fancy_title color=\u00bb#ffffff\u00bb size=\u00bb38&#8243; font_weight=\u00bb300&#8243; txt_transform=\u00bbuppercase\u00bb margin_bottom=\u00bb0&#8243; font_family=\u00bbnone\u00bb align=\u00bbcenter\u00bb]o[\/mk_fancy_title][\/vc_column_inner][vc_column_inner width=\u00bb1\/3&#8243;][mk_button dimension=\u00bboutline\u00bb size=\u00bblarge\u00bb url=\u00bbinfo@mapp.it\u00bb outline_skin=\u00bblight\u00bb]info@mapp.it[\/mk_button][\/vc_column_inner][\/vc_row_inner][mk_social_networks size=\u00bbmedium\u00bb style=\u00bbsimple\u00bb margin=\u00bb7&#8243; icon_color=\u00bb#ffffff\u00bb icon_hover_color=\u00bb#eeeeee\u00bb align=\u00bbcenter\u00bb facebook=\u00bbhttps:\/\/www.facebook.com\/app.mapp.it\/\u00bb instagram=\u00bbhttps:\/\/www.instagram.com\/getmapp.it\/\u00bb linkedin=\u00bbhttps:\/\/www.linkedin.com\/company\/mapp-it\/\u00bb youtube=\u00bbhttps:\/\/www.youtube.com\/watch?v=WwX85VaAMvs&amp;ab_channel=Mappit\u00bb][\/vc_column][\/mk_page_section]\n","protected":false},"excerpt":{"rendered":"<p>[vc_row][vc_column][mk_revslider id=\u00bbmobile-apps\u00bb][\/vc_column][\/vc_row][mk_page_section bg_gradient=\u00bbhorizontal\u00bb video_color_mask=\u00bb#ff6c08&#8243; gr_end=\u00bb#ef493c\u00bb video_opacity=\u00bb1&#8243; min_height=\u00bb150&#8243; js_vertical_centered=\u00bbtrue\u00bb padding_top=\u00bb50&#8243; margin_bottom=\u00bb30&#8243; sidebar=\u00bbsidebar-1&#8243;][vc_column][vc_row_inner][vc_column_inner width=\u00bb1\/3&#8243;][mk_image src=\u00bbhttp:\/\/mapp.it\/wp-content\/uploads\/2017\/05\/logo_white.png\u00bb image_size=\u00bbfull\u00bb el_class=\u00bbreduced-img\u00bb][\/vc_column_inner][vc_column_inner width=\u00bb1\/3&#8243;][mk_fancy_title color=\u00bb#ffffff\u00bb size=\u00bb38&#8243; font_weight=\u00bb500&#8243; txt_transform=\u00bblowercase\u00bb font_family=\u00bbnone\u00bb align=\u00bbcenter\u00bb]Pru\u00e9balo gratis[\/mk_fancy_title][\/vc_column_inner][vc_column_inner width=\u00bb1\/3&#8243;][\/vc_column_inner][\/vc_row_inner][\/vc_column][\/mk_page_section][vc_row][vc_column][vc_row_inner][vc_column_inner][mk_fancy_title color=\u00bb#0e92cf\u00bb size=\u00bb24&#8243; txt_transform=\u00bbuppercase\u00bb margin_top=\u00bb40&#8243; margin_bottom=\u00bb0&#8243; font_family=\u00bbnone\u00bb responsive_align=\u00bbleft\u00bb el_class=\u00bbpx-5&#8243;]Para descargar la aplicaci\u00f3n m\u00f3vil Mapp.it, escanea el c\u00f3digo QR o pulsa en el enlace[\/mk_fancy_title][\/vc_column_inner][\/vc_row_inner][vc_row_inner][vc_column_inner width=\u00bb1\/2&#8243;][mk_padding_divider][vc_single_image image=\u00bb1692&#8243; img_size=\u00bb200&#215;200&#8243; alignment=\u00bbcenter\u00bb][\/vc_column_inner][vc_column_inner width=\u00bb1\/2&#8243;][mk_padding_divider][vc_single_image image=\u00bb1508&#8243; img_size=\u00bbfull\u00bb onclick=\u00bbcustom_link\u00bb link=\u00bbhttp:\/\/play.google.com\/store\/apps\/details?id=it.mapp.mobile.twa\u00bb][vc_single_image [&hellip;]<\/p>\n","protected":false},"author":1,"featured_media":0,"parent":0,"menu_order":0,"comment_status":"closed","ping_status":"closed","template":"","meta":{"footnotes":""},"yoast_head":"<!-- This site is optimized with the Yoast SEO plugin v23.9 - https:\/\/yoast.com\/wordpress\/plugins\/seo\/ -->\n<title>Aplicaci\u00f3n M\u00f3vil de Agricultura de Precisi\u00f3n<\/title>\n<meta name=\"description\" content=\"Aplicaci\u00f3n m\u00f3vil de Agricultura de Precisi\u00f3n que te permite monitorizar tus cultivos a distancia, detectar \u00e1reas con bajo rendimiento y registrar observaciones\" \/>\n<meta name=\"robots\" content=\"index, follow, max-snippet:-1, max-image-preview:large, max-video-preview:-1\" \/>\n<link rel=\"canonical\" href=\"https:\/\/mapp.it\/es\/aplicaciones-moviles\/\" \/>\n<meta property=\"og:locale\" content=\"es_ES\" \/>\n<meta property=\"og:type\" content=\"article\" \/>\n<meta property=\"og:title\" content=\"Aplicaci\u00f3n M\u00f3vil de Agricultura de Precisi\u00f3n\" \/>\n<meta property=\"og:description\" content=\"Aplicaci\u00f3n m\u00f3vil de Agricultura de Precisi\u00f3n que te permite monitorizar tus cultivos a distancia, detectar \u00e1reas con bajo rendimiento y registrar observaciones\" \/>\n<meta property=\"og:url\" content=\"https:\/\/mapp.it\/es\/aplicaciones-moviles\/\" \/>\n<meta property=\"og:site_name\" content=\"MAPP\" \/>\n<meta property=\"article:modified_time\" content=\"2026-01-16T15:02:07+00:00\" \/>\n<meta name=\"twitter:card\" content=\"summary_large_image\" \/>\n<meta name=\"twitter:label1\" content=\"Est. reading time\" \/>\n\t<meta name=\"twitter:data1\" content=\"2 minutos\" \/>\n<script type=\"application\/ld+json\" class=\"yoast-schema-graph\">{\"@context\":\"https:\/\/schema.org\",\"@graph\":[{\"@type\":\"WebPage\",\"@id\":\"https:\/\/mapp.it\/es\/aplicaciones-moviles\/\",\"url\":\"https:\/\/mapp.it\/es\/aplicaciones-moviles\/\",\"name\":\"Aplicaci\u00f3n M\u00f3vil de Agricultura de Precisi\u00f3n\",\"isPartOf\":{\"@id\":\"https:\/\/mapp.it\/#website\"},\"datePublished\":\"2025-10-28T18:20:20+00:00\",\"dateModified\":\"2026-01-16T15:02:07+00:00\",\"description\":\"Aplicaci\u00f3n m\u00f3vil de Agricultura de Precisi\u00f3n que te permite monitorizar tus cultivos a distancia, detectar \u00e1reas con bajo rendimiento y registrar observaciones\",\"breadcrumb\":{\"@id\":\"https:\/\/mapp.it\/es\/aplicaciones-moviles\/#breadcrumb\"},\"inLanguage\":\"es\",\"potentialAction\":[{\"@type\":\"ReadAction\",\"target\":[\"https:\/\/mapp.it\/es\/aplicaciones-moviles\/\"]}]},{\"@type\":\"BreadcrumbList\",\"@id\":\"https:\/\/mapp.it\/es\/aplicaciones-moviles\/#breadcrumb\",\"itemListElement\":[{\"@type\":\"ListItem\",\"position\":1,\"name\":\"Home\",\"item\":\"https:\/\/mapp.it\/es\/\"},{\"@type\":\"ListItem\",\"position\":2,\"name\":\"Aplicaci\u00f3n M\u00f3vil de Monitoreo Agr\u00edcola\"}]},{\"@type\":\"WebSite\",\"@id\":\"https:\/\/mapp.it\/#website\",\"url\":\"https:\/\/mapp.it\/\",\"name\":\"Mapp.it\",\"description\":\"MAPP - Remote sensing for precision agriculture, forestry and mapping\",\"publisher\":{\"@id\":\"https:\/\/mapp.it\/#organization\"},\"potentialAction\":[{\"@type\":\"SearchAction\",\"target\":{\"@type\":\"EntryPoint\",\"urlTemplate\":\"https:\/\/mapp.it\/?s={search_term_string}\"},\"query-input\":{\"@type\":\"PropertyValueSpecification\",\"valueRequired\":true,\"valueName\":\"search_term_string\"}}],\"inLanguage\":\"es\"},{\"@type\":\"Organization\",\"@id\":\"https:\/\/mapp.it\/#organization\",\"name\":\"Mapp.it\",\"url\":\"https:\/\/mapp.it\/\",\"logo\":{\"@type\":\"ImageObject\",\"inLanguage\":\"es\",\"@id\":\"https:\/\/mapp.it\/#\/schema\/logo\/image\/\",\"url\":\"https:\/\/mapp.it\/wp-content\/uploads\/2024\/11\/manifest-icon-512.png\",\"contentUrl\":\"https:\/\/mapp.it\/wp-content\/uploads\/2024\/11\/manifest-icon-512.png\",\"width\":512,\"height\":512,\"caption\":\"Mapp.it\"},\"image\":{\"@id\":\"https:\/\/mapp.it\/#\/schema\/logo\/image\/\"},\"sameAs\":[\"https:\/\/medium.com\/@mapp\",\"https:\/\/www.linkedin.com\/company\/mapp-it\/\"]}]}<\/script>\n<!-- \/ Yoast SEO plugin. -->","yoast_head_json":{"title":"Aplicaci\u00f3n M\u00f3vil de Agricultura de Precisi\u00f3n","description":"Aplicaci\u00f3n m\u00f3vil de Agricultura de Precisi\u00f3n que te permite monitorizar tus cultivos a distancia, detectar \u00e1reas con bajo rendimiento y registrar observaciones","robots":{"index":"index","follow":"follow","max-snippet":"max-snippet:-1","max-image-preview":"max-image-preview:large","max-video-preview":"max-video-preview:-1"},"canonical":"https:\/\/mapp.it\/es\/aplicaciones-moviles\/","og_locale":"es_ES","og_type":"article","og_title":"Aplicaci\u00f3n M\u00f3vil de Agricultura de Precisi\u00f3n","og_description":"Aplicaci\u00f3n m\u00f3vil de Agricultura de Precisi\u00f3n que te permite monitorizar tus cultivos a distancia, detectar \u00e1reas con bajo rendimiento y registrar observaciones","og_url":"https:\/\/mapp.it\/es\/aplicaciones-moviles\/","og_site_name":"MAPP","article_modified_time":"2026-01-16T15:02:07+00:00","twitter_card":"summary_large_image","twitter_misc":{"Est. reading time":"2 minutos"},"schema":{"@context":"https:\/\/schema.org","@graph":[{"@type":"WebPage","@id":"https:\/\/mapp.it\/es\/aplicaciones-moviles\/","url":"https:\/\/mapp.it\/es\/aplicaciones-moviles\/","name":"Aplicaci\u00f3n M\u00f3vil de Agricultura de Precisi\u00f3n","isPartOf":{"@id":"https:\/\/mapp.it\/#website"},"datePublished":"2025-10-28T18:20:20+00:00","dateModified":"2026-01-16T15:02:07+00:00","description":"Aplicaci\u00f3n m\u00f3vil de Agricultura de Precisi\u00f3n que te permite monitorizar tus cultivos a distancia, detectar \u00e1reas con bajo rendimiento y registrar observaciones","breadcrumb":{"@id":"https:\/\/mapp.it\/es\/aplicaciones-moviles\/#breadcrumb"},"inLanguage":"es","potentialAction":[{"@type":"ReadAction","target":["https:\/\/mapp.it\/es\/aplicaciones-moviles\/"]}]},{"@type":"BreadcrumbList","@id":"https:\/\/mapp.it\/es\/aplicaciones-moviles\/#breadcrumb","itemListElement":[{"@type":"ListItem","position":1,"name":"Home","item":"https:\/\/mapp.it\/es\/"},{"@type":"ListItem","position":2,"name":"Aplicaci\u00f3n M\u00f3vil de Monitoreo Agr\u00edcola"}]},{"@type":"WebSite","@id":"https:\/\/mapp.it\/#website","url":"https:\/\/mapp.it\/","name":"Mapp.it","description":"MAPP - Remote sensing for precision agriculture, forestry and mapping","publisher":{"@id":"https:\/\/mapp.it\/#organization"},"potentialAction":[{"@type":"SearchAction","target":{"@type":"EntryPoint","urlTemplate":"https:\/\/mapp.it\/?s={search_term_string}"},"query-input":{"@type":"PropertyValueSpecification","valueRequired":true,"valueName":"search_term_string"}}],"inLanguage":"es"},{"@type":"Organization","@id":"https:\/\/mapp.it\/#organization","name":"Mapp.it","url":"https:\/\/mapp.it\/","logo":{"@type":"ImageObject","inLanguage":"es","@id":"https:\/\/mapp.it\/#\/schema\/logo\/image\/","url":"https:\/\/mapp.it\/wp-content\/uploads\/2024\/11\/manifest-icon-512.png","contentUrl":"https:\/\/mapp.it\/wp-content\/uploads\/2024\/11\/manifest-icon-512.png","width":512,"height":512,"caption":"Mapp.it"},"image":{"@id":"https:\/\/mapp.it\/#\/schema\/logo\/image\/"},"sameAs":["https:\/\/medium.com\/@mapp","https:\/\/www.linkedin.com\/company\/mapp-it\/"]}]}},"_links":{"self":[{"href":"https:\/\/mapp.it\/es\/wp-json\/wp\/v2\/pages\/1665"}],"collection":[{"href":"https:\/\/mapp.it\/es\/wp-json\/wp\/v2\/pages"}],"about":[{"href":"https:\/\/mapp.it\/es\/wp-json\/wp\/v2\/types\/page"}],"author":[{"embeddable":true,"href":"https:\/\/mapp.it\/es\/wp-json\/wp\/v2\/users\/1"}],"replies":[{"embeddable":true,"href":"https:\/\/mapp.it\/es\/wp-json\/wp\/v2\/comments?post=1665"}],"version-history":[{"count":2,"href":"https:\/\/mapp.it\/es\/wp-json\/wp\/v2\/pages\/1665\/revisions"}],"predecessor-version":[{"id":1703,"href":"https:\/\/mapp.it\/es\/wp-json\/wp\/v2\/pages\/1665\/revisions\/1703"}],"wp:attachment":[{"href":"https:\/\/mapp.it\/es\/wp-json\/wp\/v2\/media?parent=1665"}],"curies":[{"name":"wp","href":"https:\/\/api.w.org\/{rel}","templated":true}]}}