{"id":1671,"date":"2025-10-29T18:16:28","date_gmt":"2025-10-29T18:16:28","guid":{"rendered":"https:\/\/mapp.it\/inicio-sin-infraestructura\/"},"modified":"2025-10-29T18:16:28","modified_gmt":"2025-10-29T18:16:28","slug":"inicio-sin-infraestructura","status":"publish","type":"page","link":"https:\/\/mapp.it\/es\/inicio-sin-infraestructura\/","title":{"rendered":"Inicio Sin infraestructura"},"content":{"rendered":"[vc_row][vc_column][mk_revslider id=\u00bbhomept\u00bb][vc_row_inner][vc_column_inner][mk_padding_divider][mk_fancy_title color=\u00bb#0e92cf\u00bb size=\u00bb38&#8243; font_weight=\u00bb300&#8243; font_family=\u00bbnone\u00bb align=\u00bbcenter\u00bb]C\u00d3MO FUNCIONA[\/mk_fancy_title][\/vc_column_inner][\/vc_row_inner][\/vc_column][\/vc_row][mk_page_section bg_position=\u00bbright center\u00bb bg_repeat=\u00bbno-repeat\u00bb section_id=\u00bbsteps\u00bb sidebar=\u00bbsidebar-1&#8243;][vc_column width=\u00bb1\/3&#8243;][mk_image src=\u00bbhttp:\/\/mapp.it\/wp-content\/uploads\/2018\/05\/step_1.png\u00bb image_size=\u00bbfull\u00bb el_class=\u00bbcustom_step_image\u00bb][mk_fancy_title size=\u00bb16&#8243; margin_bottom=\u00bb0&#8243; font_family=\u00bbnone\u00bb align=\u00bbcenter\u00bb el_class=\u00bbcustom_step_label\u00bb]Crear una cuenta gratuita[\/mk_fancy_title][\/vc_column][vc_column width=\u00bb1\/3&#8243;][mk_image src=\u00bbhttp:\/\/mapp.it\/wp-content\/uploads\/2018\/05\/step_2.png\u00bb image_size=\u00bbfull\u00bb el_class=\u00bbcustom_step_image\u00bb][mk_fancy_title size=\u00bb16&#8243; margin_bottom=\u00bb0&#8243; font_family=\u00bbnone\u00bb align=\u00bbcenter\u00bb el_class=\u00bbcustom_step_label\u00bb]Mira m\u00e1s all\u00e1 de lo visible[\/mk_fancy_title][\/vc_column][vc_column width=\u00bb1\/3&#8243; css=\u00bb.vc_custom_1494929705351{background-position: 0 0 !important;background-repeat: no-repeat !important;}\u00bb][mk_image src=\u00bbhttp:\/\/mapp.it\/wp-content\/uploads\/2018\/05\/step_3.png\u00bb image_size=\u00bbfull\u00bb el_class=\u00bbarrow custom_step_image\u00bb][mk_fancy_title size=\u00bb16&#8243; margin_bottom=\u00bb0&#8243; font_family=\u00bbnone\u00bb align=\u00bbcenter\u00bb el_class=\u00bbcustom_step_label\u00bb]Intervenir[\/mk_fancy_title][\/vc_column][\/mk_page_section][vc_row][vc_column css=\u00bb.vc_custom_1494930680332{margin-top: 40px !important;margin-bottom: 40px !important;}\u00bb][mk_button dimension=\u00bbflat\u00bb size=\u00bblarge\u00bb url=\u00bbhttps:\/\/app.mapp.it\/Login\/SignUp\u00bb align=\u00bbcenter\u00bb btn_hover_bg=\u00bb#000000&#8243; btn_hover_txt_color=\u00bb#ffffff\u00bb]Crear una cuenta gratuita[\/mk_button][\/vc_column][\/vc_row][mk_page_section bg_image=\u00bbhttp:\/\/mapp.it\/wp-content\/uploads\/2018\/05\/tim-mossholder-95235.jpg\u00bb bg_color=\u00bbrgba(58,58,58,0.2)\u00bb blend_mode=\u00bbmultiply\u00bb bg_position=\u00bbcenter center\u00bb bg_repeat=\u00bbno-repeat\u00bb bg_stretch=\u00bbtrue\u00bb min_height=\u00bb370&#8243; top_shape_color=\u00bb#ffffff\u00bb bottom_shape_color=\u00bb#ffffff\u00bb el_class=\u00bbviticulture\u00bb sidebar=\u00bbsidebar-1&#8243;][vc_column width=\u00bb1\/6&#8243; el_class=\u00bbviticulture\u00bb css=\u00bb.vc_custom_1494931292669{background-position: 0 0 !important;background-repeat: no-repeat !important;}\u00bb][\/vc_column][vc_column width=\u00bb4\/6&#8243;][mk_padding_divider size=\u00bb150&#8243;] [mk_fancy_title color=\u00bb#ffffff\u00bb size=\u00bb38&#8243; txt_transform=\u00bbuppercase\u00bb font_family=\u00bbnone\u00bb align=\u00bbcenter\u00bb responsive_align=\u00bbleft\u00bb]<a style=\"color: #fff;\" href=\"http:\/\/mapp.it\/pt-pt\/viticulture\/\"> VITICULTURA<\/a>[\/mk_fancy_title][vc_column_text align=\u00bbcenter\u00bb]<span style=\"color: #ffffff;\">viticultura de precisi\u00f3n<\/span>[\/vc_column_text][\/vc_column][vc_column width=\u00bb1\/6&#8243;][mk_padding_divider size=\u00bb80&#8243;][mk_image src=\u00bbhttp:\/\/mapp.it\/wp-content\/uploads\/2017\/05\/arrow_white.png\u00bb image_size=\u00bbfull\u00bb link=\u00bbhttp:\/\/mapp.it\/pt-pt\/viticulture\/\u00bb align=\u00bbright\u00bb][\/vc_column][\/mk_page_section][mk_page_section bg_image=\u00bbhttp:\/\/mapp.it\/wp-content\/uploads\/2017\/05\/milho.jpg\u00bb bg_color=\u00bbrgba(58,58,58,0.2)\u00bb blend_mode=\u00bbmultiply\u00bb bg_position=\u00bbcenter center\u00bb bg_repeat=\u00bbno-repeat\u00bb bg_stretch=\u00bbtrue\u00bb min_height=\u00bb370&#8243; top_shape_color=\u00bb#ffffff\u00bb bottom_shape_color=\u00bb#ffffff\u00bb el_class=\u00bbviticulture\u00bb sidebar=\u00bbsidebar-1&#8243;][vc_column width=\u00bb1\/6&#8243; el_class=\u00bbviticulture\u00bb css=\u00bb.vc_custom_1494931292669{background-position: 0 0 !important;background-repeat: no-repeat !important;}\u00bb][\/vc_column][vc_column width=\u00bb4\/6&#8243;][mk_padding_divider size=\u00bb150&#8243;] [mk_fancy_title color=\u00bb#ffffff\u00bb size=\u00bb38&#8243; txt_transform=\u00bbuppercase\u00bb font_family=\u00bbnone\u00bb align=\u00bbcenter\u00bb responsive_align=\u00bbleft\u00bb]<a style=\"color: #fff;\" href=\"http:\/\/mapp.it\/pt-pt\/agriculture\/\"> AGRICULTURA<\/a>[\/mk_fancy_title][vc_column_text align=\u00bbcenter\u00bb]<span style=\"color: #ffffff;\">agricultura de precisi\u00f3n<\/span>[\/vc_column_text][\/vc_column][vc_column width=\u00bb1\/6&#8243;][mk_padding_divider size=\u00bb80&#8243;][mk_image src=\u00bbhttp:\/\/mapp.it\/wp-content\/uploads\/2017\/05\/arrow_white.png\u00bb image_size=\u00bbfull\u00bb link=\u00bbhttp:\/\/mapp.it\/pt-pt\/agriculture\u00bb align=\u00bbright\u00bb][\/vc_column][\/mk_page_section][mk_page_section bg_image=\u00bbhttp:\/\/mapp.it\/wp-content\/uploads\/2018\/05\/eucalipto.jpg\u00bb bg_color=\u00bbrgba(58,58,58,0.2)\u00bb blend_mode=\u00bbmultiply\u00bb bg_position=\u00bbcenter center\u00bb bg_repeat=\u00bbno-repeat\u00bb bg_stretch=\u00bbtrue\u00bb min_height=\u00bb370&#8243; top_shape_color=\u00bb#ffffff\u00bb bottom_shape_color=\u00bb#ffffff\u00bb el_class=\u00bbviticulture\u00bb sidebar=\u00bbsidebar-1&#8243;][vc_column width=\u00bb1\/6&#8243; el_class=\u00bbviticulture\u00bb css=\u00bb.vc_custom_1494931292669{background-position: 0 0 !important;background-repeat: no-repeat !important;}\u00bb][\/vc_column][vc_column width=\u00bb4\/6&#8243;][mk_padding_divider size=\u00bb150&#8243;] [mk_fancy_title color=\u00bb#ffffff\u00bb size=\u00bb38&#8243; txt_transform=\u00bbuppercase\u00bb font_family=\u00bbnone\u00bb align=\u00bbcenter\u00bb responsive_align=\u00bbleft\u00bb]<a style=\"color: #fff;\" href=\"http:\/\/mapp.it\/pt-pt\/forestry\/\"> FORESTAL<\/a>[\/mk_fancy_title][vc_column_text align=\u00bbcenter\u00bb]<span style=\"color: #ffffff;\">gesti\u00f3n forestal de precisi\u00f3n<\/span>[\/vc_column_text][\/vc_column][vc_column width=\u00bb1\/6&#8243;][mk_padding_divider size=\u00bb80&#8243;][mk_image src=\u00bbhttp:\/\/mapp.it\/wp-content\/uploads\/2017\/05\/arrow_white.png\u00bb image_size=\u00bbfull\u00bb link=\u00bbhttp:\/\/mapp.it\/pt-pt\/forestry\u00bb align=\u00bbright\u00bb][\/vc_column][\/mk_page_section][mk_page_section sidebar=\u00bbsidebar-1&#8243;][vc_column][\/vc_column][\/mk_page_section][mk_page_section bg_gradient=\u00bbhorizontal\u00bb video_color_mask=\u00bb#ff6c08&#8243; gr_end=\u00bb#ef493c\u00bb video_opacity=\u00bb1&#8243; min_height=\u00bb150&#8243; js_vertical_centered=\u00bbtrue\u00bb padding_top=\u00bb50&#8243; margin_bottom=\u00bb30&#8243; sidebar=\u00bbsidebar-1&#8243;][vc_column][vc_row_inner][vc_column_inner width=\u00bb1\/3&#8243;][mk_image src=\u00bbhttp:\/\/mapp.it\/wp-content\/uploads\/2017\/05\/logo_white.png\u00bb image_size=\u00bbfull\u00bb el_class=\u00bbreduced-img\u00bb][\/vc_column_inner][vc_column_inner width=\u00bb1\/3&#8243;][mk_fancy_title color=\u00bb#ffffff\u00bb size=\u00bb38&#8243; font_weight=\u00bb500&#8243; txt_transform=\u00bblowercase\u00bb font_family=\u00bbnone\u00bb align=\u00bbcenter\u00bb]hazte socio[\/mk_fancy_title][\/vc_column_inner][vc_column_inner width=\u00bb1\/3&#8243;][mk_button dimension=\u00bboutline\u00bb size=\u00bblarge\u00bb url=\u00bbhttp:\/\/mapp.it\/pt-pt\/become-a-partner\u00bb align=\u00bbright\u00bb outline_skin=\u00bblight\u00bb]saber m\u00e1s [\/mk_button][\/vc_column_inner][\/vc_row_inner][\/vc_column][\/mk_page_section][vc_row][vc_column css=\u00bb.vc_custom_1494931567718{margin-top: 40px !important;}\u00bb][mk_fancy_title color=\u00bb#0e92cf\u00bb size=\u00bb38&#8243; font_weight=\u00bb300&#8243; font_family=\u00bbnone\u00bb align=\u00bbcenter\u00bb]TECNOLOG\u00cdA[\/mk_fancy_title][mk_tab_slider order=\u00bbASC\u00bb autoplay_time=\u00bb0&#8243;][\/vc_column][\/vc_row][vc_row el_class=\u00bbcustom_case_studies\u00bb css=\u00bb.vc_custom_1527164605974{padding-bottom: 60px !important;}\u00bb][vc_column css=\u00bb.vc_custom_1494952120549{margin-top: 40px !important;}\u00bb][mk_fancy_title color=\u00bb#0e92cf\u00bb size=\u00bb38&#8243; font_weight=\u00bb300&#8243; txt_transform=\u00bbuppercase\u00bb font_family=\u00bbnone\u00bb align=\u00bbcenter\u00bb]Casos Pr\u00e1cticos[\/mk_fancy_title][mk_blog style=\u00bbgrid\u00bb image_size=\u00bbfull\u00bb post_count=\u00bb3&#8243; disable_meta=\u00bbfalse\u00bb excerpt_length=\u00bb50&#8243; pagination_style=\u00bb2&#8243; cat=\u00bb8, 4, 5&#8243;][\/vc_column][\/vc_row][mk_page_section layout_structure=\u00bbhalf_left\u00bb bg_image=\u00bbhttp:\/\/mapp.it\/wp-content\/uploads\/2017\/05\/half_bg1.jpg\u00bb bg_color=\u00bb#e4ecef\u00bb min_height=\u00bb370&#8243; el_class=\u00bbtemp_invisible\u00bb][vc_column][vc_row_inner is_fullwidth_content=\u00bbfalse\u00bb disable_element=\u00bbyes\u00bb][vc_column_inner][mk_padding_divider][mk_fancy_title color=\u00bb#06396e\u00bb size=\u00bb30&#8243; font_weight=\u00bb500&#8243; txt_transform=\u00bbuppercase\u00bb font_family=\u00bbnone\u00bb responsive_align=\u00bbleft\u00bb]VINO DE OPORTO[\/mk_fancy_title][vc_column_text]Tecnolog\u00eda y tradici\u00f3n se encuentran en el Valle del Duero. Uso de teledetecci\u00f3n para la gesti\u00f3n de precisi\u00f3n de vi\u00f1edos y cosecha selectiva. [\/vc_column_text][mk_button dimension=\u00bbflat\u00bb size=\u00bbmedium\u00bb bg_color=\u00bb#ef493c\u00bb btn_hover_bg=\u00bb#000000&#8243; btn_hover_txt_color=\u00bb#ffffff\u00bb]saber m\u00e1s [\/mk_button][\/vc_column_inner][\/vc_row_inner][\/vc_column][\/mk_page_section][mk_page_section layout_structure=\u00bbhalf_right\u00bb bg_image=\u00bbhttp:\/\/mapp.it\/wp-content\/uploads\/2017\/05\/half_bg2.jpg\u00bb bg_color=\u00bb#f5e9e5&#8243; min_height=\u00bb370&#8243; el_class=\u00bbtemp_invisible\u00bb][vc_column][vc_row_inner is_fullwidth_content=\u00bbfalse\u00bb disable_element=\u00bbyes\u00bb][vc_column_inner][mk_padding_divider][mk_fancy_title color=\u00bb#06396e\u00bb size=\u00bb30&#8243; font_weight=\u00bb500&#8243; txt_transform=\u00bbuppercase\u00bb font_family=\u00bbnone\u00bb responsive_align=\u00bbleft\u00bb]MA\u00cdZ[\/mk_fancy_title][vc_column_text]Tecnolog\u00eda y tradici\u00f3n se encuentran en el Valle del Duero. Uso de teledetecci\u00f3n para la gesti\u00f3n de precisi\u00f3n de vi\u00f1edos y cosecha selectiva. [\/vc_column_text][mk_button dimension=\u00bbflat\u00bb size=\u00bbmedium\u00bb bg_color=\u00bb#ef493c\u00bb btn_hover_bg=\u00bb#000000&#8243; btn_hover_txt_color=\u00bb#ffffff\u00bb]saber . m\u00e1s [\/mk_button][\/vc_column_inner][\/vc_row_inner][\/vc_column][\/mk_page_section][mk_page_section sidebar=\u00bbsidebar-1&#8243;][vc_column][vc_row_inner][vc_column_inner][mk_image src=\u00bbhttps:\/\/mapp.it\/wp-content\/uploads\/2018\/10\/modelos-barras-fundos-v04_3logos-feder-1200px.png\u00bb image_size=\u00bbfull\u00bb align=\u00bbcenter\u00bb][\/vc_column_inner][\/vc_row_inner][\/vc_column][\/mk_page_section][mk_page_section bg_image=\u00bbhttp:\/\/mapp.it\/wp-content\/uploads\/2017\/05\/footer.jpg\u00bb bg_color=\u00bbrgba(0,0,0,0.55)\u00bb blend_mode=\u00bbdarken\u00bb bg_position=\u00bbcenter center\u00bb bg_stretch=\u00bbtrue\u00bb min_height=\u00bb370&#8243; sidebar=\u00bbsidebar-1&#8243;][vc_column][mk_padding_divider][mk_fancy_title color=\u00bb#ffffff\u00bb size=\u00bb38&#8243; font_weight=\u00bb300&#8243; txt_transform=\u00bbuppercase\u00bb font_family=\u00bbnone\u00bb align=\u00bbcenter\u00bb]Contactos[\/mk_fancy_title][vc_column_text align=\u00bbcenter\u00bb]<span style=\"color: #ffffff;\">Rua de Fund\u00f5es 151<\/span><br \/>\n<span style=\"color: #ffffff;\">3700-121 S. Jo\u00e3o da Madeira, Portugal <\/span>[\/vc_column_text] [vc_row_inner][vc_column_inner width=\u00bb1\/3&#8243;][mk_button dimension=\u00bboutline\u00bb size=\u00bblarge\u00bb url=\u00bb#\u00bb align=\u00bbright\u00bb margin_right=\u00bb0&#8243; outline_skin=\u00bblight\u00bb]+351 256 001 949[\/mk_button][\/vc_column_inner][vc_column_inner width=\u00bb1\/3&#8243;][mk_fancy_title color=\u00bb#ffffff\u00bb size=\u00bb38&#8243; font_weight=\u00bb300&#8243; txt_transform=\u00bbuppercase\u00bb margin_bottom=\u00bb0&#8243; font_family=\u00bbnone\u00bb align=\u00bbcenter\u00bb]o[\/mk_fancy_title][\/vc_column_inner][vc_column_inner width=\u00bb1\/3&#8243;][mk_button dimension=\u00bboutline\u00bb size=\u00bblarge\u00bb url=\u00bbmailto:info@mapp.it\u00bb outline_skin=\u00bblight\u00bb]info@mapp.it[\/mk_button][\/vc_column_inner][\/vc_row_inner][mk_social_networks size=\u00bbmedium\u00bb style=\u00bbsimple\u00bb margin=\u00bb7&#8243; icon_color=\u00bb#ffffff\u00bb icon_hover_color=\u00bb#eeeeee\u00bb align=\u00bbcenter\u00bb facebook=\u00bbhttps:\/\/www.facebook.com\/app.mapp.it\/\u00bb twitter=\u00bb#\u00bb linkedin=\u00bb#\u00bb youtube=\u00bb#\u00bb][\/vc_column][\/mk_page_section]\n","protected":false},"excerpt":{"rendered":"<p>[vc_row][vc_column][mk_revslider id=\u00bbhomept\u00bb][vc_row_inner][vc_column_inner][mk_padding_divider][mk_fancy_title color=\u00bb#0e92cf\u00bb size=\u00bb38&#8243; font_weight=\u00bb300&#8243; font_family=\u00bbnone\u00bb align=\u00bbcenter\u00bb]C\u00d3MO FUNCIONA[\/mk_fancy_title][\/vc_column_inner][\/vc_row_inner][\/vc_column][\/vc_row][mk_page_section bg_position=\u00bbright center\u00bb bg_repeat=\u00bbno-repeat\u00bb section_id=\u00bbsteps\u00bb sidebar=\u00bbsidebar-1&#8243;][vc_column width=\u00bb1\/3&#8243;][mk_image src=\u00bbhttp:\/\/mapp.it\/wp-content\/uploads\/2018\/05\/step_1.png\u00bb image_size=\u00bbfull\u00bb el_class=\u00bbcustom_step_image\u00bb][mk_fancy_title size=\u00bb16&#8243; margin_bottom=\u00bb0&#8243; font_family=\u00bbnone\u00bb align=\u00bbcenter\u00bb el_class=\u00bbcustom_step_label\u00bb]Crear una cuenta gratuita[\/mk_fancy_title][\/vc_column][vc_column width=\u00bb1\/3&#8243;][mk_image src=\u00bbhttp:\/\/mapp.it\/wp-content\/uploads\/2018\/05\/step_2.png\u00bb image_size=\u00bbfull\u00bb el_class=\u00bbcustom_step_image\u00bb][mk_fancy_title size=\u00bb16&#8243; margin_bottom=\u00bb0&#8243; font_family=\u00bbnone\u00bb align=\u00bbcenter\u00bb el_class=\u00bbcustom_step_label\u00bb]Mira m\u00e1s all\u00e1 de lo visible[\/mk_fancy_title][\/vc_column][vc_column width=\u00bb1\/3&#8243; css=\u00bb.vc_custom_1494929705351{background-position: 0 0 !important;background-repeat: no-repeat !important;}\u00bb][mk_image src=\u00bbhttp:\/\/mapp.it\/wp-content\/uploads\/2018\/05\/step_3.png\u00bb image_size=\u00bbfull\u00bb el_class=\u00bbarrow custom_step_image\u00bb][mk_fancy_title size=\u00bb16&#8243; margin_bottom=\u00bb0&#8243; font_family=\u00bbnone\u00bb align=\u00bbcenter\u00bb el_class=\u00bbcustom_step_label\u00bb]Intervenir[\/mk_fancy_title][\/vc_column][\/mk_page_section][vc_row][vc_column [&hellip;]<\/p>\n","protected":false},"author":2,"featured_media":0,"parent":0,"menu_order":0,"comment_status":"closed","ping_status":"closed","template":"","meta":{"footnotes":""},"yoast_head":"<!-- This site is optimized with the Yoast SEO plugin v23.9 - https:\/\/yoast.com\/wordpress\/plugins\/seo\/ -->\n<title>Inicio Sin infraestructura - MAPP<\/title>\n<meta name=\"robots\" content=\"index, follow, max-snippet:-1, max-image-preview:large, max-video-preview:-1\" \/>\n<link rel=\"canonical\" href=\"https:\/\/mapp.it\/es\/inicio-sin-infraestructura\/\" \/>\n<meta property=\"og:locale\" content=\"es_ES\" \/>\n<meta property=\"og:type\" content=\"article\" \/>\n<meta property=\"og:title\" content=\"Inicio Sin infraestructura - MAPP\" \/>\n<meta property=\"og:description\" content=\"[vc_row][vc_column][mk_revslider id=\u00bbhomept\u00bb][vc_row_inner][vc_column_inner][mk_padding_divider][mk_fancy_title color=\u00bb#0e92cf\u00bb size=\u00bb38&#8243; font_weight=\u00bb300&#8243; font_family=\u00bbnone\u00bb align=\u00bbcenter\u00bb]C\u00d3MO FUNCIONA[\/mk_fancy_title][\/vc_column_inner][\/vc_row_inner][\/vc_column][\/vc_row][mk_page_section bg_position=\u00bbright center\u00bb bg_repeat=\u00bbno-repeat\u00bb section_id=\u00bbsteps\u00bb sidebar=\u00bbsidebar-1&#8243;][vc_column width=\u00bb1\/3&#8243;][mk_image src=\u00bbhttp:\/\/mapp.it\/wp-content\/uploads\/2018\/05\/step_1.png\u00bb image_size=\u00bbfull\u00bb el_class=\u00bbcustom_step_image\u00bb][mk_fancy_title size=\u00bb16&#8243; margin_bottom=\u00bb0&#8243; font_family=\u00bbnone\u00bb align=\u00bbcenter\u00bb el_class=\u00bbcustom_step_label\u00bb]Crear una cuenta gratuita[\/mk_fancy_title][\/vc_column][vc_column width=\u00bb1\/3&#8243;][mk_image src=\u00bbhttp:\/\/mapp.it\/wp-content\/uploads\/2018\/05\/step_2.png\u00bb image_size=\u00bbfull\u00bb el_class=\u00bbcustom_step_image\u00bb][mk_fancy_title size=\u00bb16&#8243; margin_bottom=\u00bb0&#8243; font_family=\u00bbnone\u00bb align=\u00bbcenter\u00bb el_class=\u00bbcustom_step_label\u00bb]Mira m\u00e1s all\u00e1 de lo visible[\/mk_fancy_title][\/vc_column][vc_column width=\u00bb1\/3&#8243; css=\u00bb.vc_custom_1494929705351{background-position: 0 0 !important;background-repeat: no-repeat !important;}\u00bb][mk_image src=\u00bbhttp:\/\/mapp.it\/wp-content\/uploads\/2018\/05\/step_3.png\u00bb image_size=\u00bbfull\u00bb el_class=\u00bbarrow custom_step_image\u00bb][mk_fancy_title size=\u00bb16&#8243; margin_bottom=\u00bb0&#8243; font_family=\u00bbnone\u00bb align=\u00bbcenter\u00bb el_class=\u00bbcustom_step_label\u00bb]Intervenir[\/mk_fancy_title][\/vc_column][\/mk_page_section][vc_row][vc_column [&hellip;]\" \/>\n<meta property=\"og:url\" content=\"https:\/\/mapp.it\/es\/inicio-sin-infraestructura\/\" \/>\n<meta property=\"og:site_name\" content=\"MAPP\" \/>\n<meta name=\"twitter:card\" content=\"summary_large_image\" \/>\n<meta name=\"twitter:label1\" content=\"Est. reading time\" \/>\n\t<meta name=\"twitter:data1\" content=\"7 minutos\" \/>\n<script type=\"application\/ld+json\" class=\"yoast-schema-graph\">{\"@context\":\"https:\/\/schema.org\",\"@graph\":[{\"@type\":\"WebPage\",\"@id\":\"https:\/\/mapp.it\/es\/inicio-sin-infraestructura\/\",\"url\":\"https:\/\/mapp.it\/es\/inicio-sin-infraestructura\/\",\"name\":\"Inicio Sin infraestructura - MAPP\",\"isPartOf\":{\"@id\":\"https:\/\/mapp.it\/#website\"},\"datePublished\":\"2025-10-29T18:16:28+00:00\",\"dateModified\":\"2025-10-29T18:16:28+00:00\",\"breadcrumb\":{\"@id\":\"https:\/\/mapp.it\/es\/inicio-sin-infraestructura\/#breadcrumb\"},\"inLanguage\":\"es\",\"potentialAction\":[{\"@type\":\"ReadAction\",\"target\":[\"https:\/\/mapp.it\/es\/inicio-sin-infraestructura\/\"]}]},{\"@type\":\"BreadcrumbList\",\"@id\":\"https:\/\/mapp.it\/es\/inicio-sin-infraestructura\/#breadcrumb\",\"itemListElement\":[{\"@type\":\"ListItem\",\"position\":1,\"name\":\"Home\",\"item\":\"https:\/\/mapp.it\/es\/\"},{\"@type\":\"ListItem\",\"position\":2,\"name\":\"Inicio Sin infraestructura\"}]},{\"@type\":\"WebSite\",\"@id\":\"https:\/\/mapp.it\/#website\",\"url\":\"https:\/\/mapp.it\/\",\"name\":\"Mapp.it\",\"description\":\"MAPP - Remote sensing for precision agriculture, forestry and mapping\",\"publisher\":{\"@id\":\"https:\/\/mapp.it\/#organization\"},\"potentialAction\":[{\"@type\":\"SearchAction\",\"target\":{\"@type\":\"EntryPoint\",\"urlTemplate\":\"https:\/\/mapp.it\/?s={search_term_string}\"},\"query-input\":{\"@type\":\"PropertyValueSpecification\",\"valueRequired\":true,\"valueName\":\"search_term_string\"}}],\"inLanguage\":\"es\"},{\"@type\":\"Organization\",\"@id\":\"https:\/\/mapp.it\/#organization\",\"name\":\"Mapp.it\",\"url\":\"https:\/\/mapp.it\/\",\"logo\":{\"@type\":\"ImageObject\",\"inLanguage\":\"es\",\"@id\":\"https:\/\/mapp.it\/#\/schema\/logo\/image\/\",\"url\":\"https:\/\/mapp.it\/wp-content\/uploads\/2024\/11\/manifest-icon-512.png\",\"contentUrl\":\"https:\/\/mapp.it\/wp-content\/uploads\/2024\/11\/manifest-icon-512.png\",\"width\":512,\"height\":512,\"caption\":\"Mapp.it\"},\"image\":{\"@id\":\"https:\/\/mapp.it\/#\/schema\/logo\/image\/\"},\"sameAs\":[\"https:\/\/medium.com\/@mapp\",\"https:\/\/www.linkedin.com\/company\/mapp-it\/\"]}]}<\/script>\n<!-- \/ Yoast SEO plugin. -->","yoast_head_json":{"title":"Inicio Sin infraestructura - MAPP","robots":{"index":"index","follow":"follow","max-snippet":"max-snippet:-1","max-image-preview":"max-image-preview:large","max-video-preview":"max-video-preview:-1"},"canonical":"https:\/\/mapp.it\/es\/inicio-sin-infraestructura\/","og_locale":"es_ES","og_type":"article","og_title":"Inicio Sin infraestructura - MAPP","og_description":"[vc_row][vc_column][mk_revslider id=\u00bbhomept\u00bb][vc_row_inner][vc_column_inner][mk_padding_divider][mk_fancy_title color=\u00bb#0e92cf\u00bb size=\u00bb38&#8243; font_weight=\u00bb300&#8243; font_family=\u00bbnone\u00bb align=\u00bbcenter\u00bb]C\u00d3MO FUNCIONA[\/mk_fancy_title][\/vc_column_inner][\/vc_row_inner][\/vc_column][\/vc_row][mk_page_section bg_position=\u00bbright center\u00bb bg_repeat=\u00bbno-repeat\u00bb section_id=\u00bbsteps\u00bb sidebar=\u00bbsidebar-1&#8243;][vc_column width=\u00bb1\/3&#8243;][mk_image src=\u00bbhttp:\/\/mapp.it\/wp-content\/uploads\/2018\/05\/step_1.png\u00bb image_size=\u00bbfull\u00bb el_class=\u00bbcustom_step_image\u00bb][mk_fancy_title size=\u00bb16&#8243; margin_bottom=\u00bb0&#8243; font_family=\u00bbnone\u00bb align=\u00bbcenter\u00bb el_class=\u00bbcustom_step_label\u00bb]Crear una cuenta gratuita[\/mk_fancy_title][\/vc_column][vc_column width=\u00bb1\/3&#8243;][mk_image src=\u00bbhttp:\/\/mapp.it\/wp-content\/uploads\/2018\/05\/step_2.png\u00bb image_size=\u00bbfull\u00bb el_class=\u00bbcustom_step_image\u00bb][mk_fancy_title size=\u00bb16&#8243; margin_bottom=\u00bb0&#8243; font_family=\u00bbnone\u00bb align=\u00bbcenter\u00bb el_class=\u00bbcustom_step_label\u00bb]Mira m\u00e1s all\u00e1 de lo visible[\/mk_fancy_title][\/vc_column][vc_column width=\u00bb1\/3&#8243; css=\u00bb.vc_custom_1494929705351{background-position: 0 0 !important;background-repeat: no-repeat !important;}\u00bb][mk_image src=\u00bbhttp:\/\/mapp.it\/wp-content\/uploads\/2018\/05\/step_3.png\u00bb image_size=\u00bbfull\u00bb el_class=\u00bbarrow custom_step_image\u00bb][mk_fancy_title size=\u00bb16&#8243; margin_bottom=\u00bb0&#8243; font_family=\u00bbnone\u00bb align=\u00bbcenter\u00bb el_class=\u00bbcustom_step_label\u00bb]Intervenir[\/mk_fancy_title][\/vc_column][\/mk_page_section][vc_row][vc_column [&hellip;]","og_url":"https:\/\/mapp.it\/es\/inicio-sin-infraestructura\/","og_site_name":"MAPP","twitter_card":"summary_large_image","twitter_misc":{"Est. reading time":"7 minutos"},"schema":{"@context":"https:\/\/schema.org","@graph":[{"@type":"WebPage","@id":"https:\/\/mapp.it\/es\/inicio-sin-infraestructura\/","url":"https:\/\/mapp.it\/es\/inicio-sin-infraestructura\/","name":"Inicio Sin infraestructura - MAPP","isPartOf":{"@id":"https:\/\/mapp.it\/#website"},"datePublished":"2025-10-29T18:16:28+00:00","dateModified":"2025-10-29T18:16:28+00:00","breadcrumb":{"@id":"https:\/\/mapp.it\/es\/inicio-sin-infraestructura\/#breadcrumb"},"inLanguage":"es","potentialAction":[{"@type":"ReadAction","target":["https:\/\/mapp.it\/es\/inicio-sin-infraestructura\/"]}]},{"@type":"BreadcrumbList","@id":"https:\/\/mapp.it\/es\/inicio-sin-infraestructura\/#breadcrumb","itemListElement":[{"@type":"ListItem","position":1,"name":"Home","item":"https:\/\/mapp.it\/es\/"},{"@type":"ListItem","position":2,"name":"Inicio Sin infraestructura"}]},{"@type":"WebSite","@id":"https:\/\/mapp.it\/#website","url":"https:\/\/mapp.it\/","name":"Mapp.it","description":"MAPP - Remote sensing for precision agriculture, forestry and mapping","publisher":{"@id":"https:\/\/mapp.it\/#organization"},"potentialAction":[{"@type":"SearchAction","target":{"@type":"EntryPoint","urlTemplate":"https:\/\/mapp.it\/?s={search_term_string}"},"query-input":{"@type":"PropertyValueSpecification","valueRequired":true,"valueName":"search_term_string"}}],"inLanguage":"es"},{"@type":"Organization","@id":"https:\/\/mapp.it\/#organization","name":"Mapp.it","url":"https:\/\/mapp.it\/","logo":{"@type":"ImageObject","inLanguage":"es","@id":"https:\/\/mapp.it\/#\/schema\/logo\/image\/","url":"https:\/\/mapp.it\/wp-content\/uploads\/2024\/11\/manifest-icon-512.png","contentUrl":"https:\/\/mapp.it\/wp-content\/uploads\/2024\/11\/manifest-icon-512.png","width":512,"height":512,"caption":"Mapp.it"},"image":{"@id":"https:\/\/mapp.it\/#\/schema\/logo\/image\/"},"sameAs":["https:\/\/medium.com\/@mapp","https:\/\/www.linkedin.com\/company\/mapp-it\/"]}]}},"_links":{"self":[{"href":"https:\/\/mapp.it\/es\/wp-json\/wp\/v2\/pages\/1671"}],"collection":[{"href":"https:\/\/mapp.it\/es\/wp-json\/wp\/v2\/pages"}],"about":[{"href":"https:\/\/mapp.it\/es\/wp-json\/wp\/v2\/types\/page"}],"author":[{"embeddable":true,"href":"https:\/\/mapp.it\/es\/wp-json\/wp\/v2\/users\/2"}],"replies":[{"embeddable":true,"href":"https:\/\/mapp.it\/es\/wp-json\/wp\/v2\/comments?post=1671"}],"version-history":[{"count":1,"href":"https:\/\/mapp.it\/es\/wp-json\/wp\/v2\/pages\/1671\/revisions"}],"predecessor-version":[{"id":1672,"href":"https:\/\/mapp.it\/es\/wp-json\/wp\/v2\/pages\/1671\/revisions\/1672"}],"wp:attachment":[{"href":"https:\/\/mapp.it\/es\/wp-json\/wp\/v2\/media?parent=1671"}],"curies":[{"name":"wp","href":"https:\/\/api.w.org\/{rel}","templated":true}]}}