{"id":776,"date":"2021-06-07T15:24:28","date_gmt":"2021-06-07T14:24:28","guid":{"rendered":"https:\/\/mapp.it\/?page_id=776"},"modified":"2025-10-29T18:11:54","modified_gmt":"2025-10-29T18:11:54","slug":"viticultura","status":"publish","type":"page","link":"https:\/\/mapp.it\/es\/viticultura\/","title":{"rendered":"Viticultura"},"content":{"rendered":"[mk_page_section bg_image=\u00bbhttp:\/\/mapp.it\/wp-content\/uploads\/2018\/05\/tim-mossholder-95235.jpg\u00bb bg_position=\u00bbleft center\u00bb bg_repeat=\u00bbno-repeat\u00bb bg_stretch=\u00bbtrue\u00bb min_height=\u00bb370&#8243; full_width=\u00bbtrue\u00bb js_vertical_centered=\u00bbtrue\u00bb sidebar=\u00bbsidebar-1&#8243;][vc_column][vc_row_inner is_fullwidth_content=\u00bbfalse\u00bb][vc_column_inner][mk_fancy_title color=\u00bb#ffffff\u00bb size=\u00bb38&#8243; font_weight=\u00bb500&#8243; txt_transform=\u00bbuppercase\u00bb margin_bottom=\u00bb0&#8243; font_family=\u00bbnone\u00bb responsive_align=\u00bbleft\u00bb]Viticultura[\/mk_fancy_title][vc_column_text margin_bottom=\u00bb10&#8243;]<span style=\"color: #ffffff;\">vea c\u00f3mo funciona<\/span>[\/vc_column_text][mk_image src=\u00bbhttp:\/\/mapp.it\/wp-content\/uploads\/2017\/05\/video.png\u00bb image_size=\u00bbfull\u00bb link=\u00bb#video\u00bb][\/vc_column_inner][\/vc_row_inner][\/vc_column][\/mk_page_section][mk_page_section bg_position=\u00bbright center\u00bb bg_repeat=\u00bbno-repeat\u00bb padding_top=\u00bb60&#8243; sidebar=\u00bbsidebar-1&#8243;][vc_column width=\u00bb1\/6&#8243;][mk_image src=\u00bbhttp:\/\/mapp.it\/wp-content\/uploads\/2017\/05\/viniculture_steps_1.png\u00bb image_size=\u00bbmedium\u00bb link=\u00bb#\u00bb][\/vc_column][vc_column width=\u00bb3\/6&#8243;][mk_padding_divider][mk_fancy_title color=\u00bb#0e92cf\u00bb size=\u00bb24&#8243; txt_transform=\u00bbuppercase\u00bb margin_bottom=\u00bb0&#8243; font_family=\u00bbnone\u00bb responsive_align=\u00bbleft\u00bb]DETECTE, LOCALICE Y CUENTE FALLOS EN LA VI\u00d1A[\/mk_fancy_title][mk_fancy_title tag_name=\u00bbspan\u00bb color=\u00bb#333333&#8243; size=\u00bb16&#8243; font_weight=\u00bb300&#8243; margin_bottom=\u00bb0&#8243; font_family=\u00bbnone\u00bb responsive_align=\u00bbleft\u00bb el_class=\u00bbbullets_blue\u00bb]\n<ul>\n<li>sepa el n\u00famero real de vides<\/li>\n<li>sepa d\u00f3nde aplicar recursos<\/li>\n<li>sepa el n\u00famero y la ubicaci\u00f3n de los fallos en la vi\u00f1a<\/li>\n<\/ul>\n[\/mk_fancy_title][\/vc_column][vc_column width=\u00bb2\/6&#8243;][mk_padding_divider size=\u00bb64&#8243;][mk_image src=\u00bbhttps:\/\/mapp.it\/wp-content\/uploads\/2024\/06\/mobile_9.png\u00bb image_size=\u00bbmedium\u00bb lightbox=\u00bbtrue\u00bb align=\u00bbcenter\u00bb animation=\u00bbscale-up\u00bb][\/vc_column][\/mk_page_section][mk_page_section bg_position=\u00bbright center\u00bb bg_repeat=\u00bbno-repeat\u00bb sidebar=\u00bbsidebar-1&#8243;][vc_column width=\u00bb1\/6&#8243;][mk_image src=\u00bbhttp:\/\/mapp.it\/wp-content\/uploads\/2017\/05\/viniculture_steps_2.png\u00bb image_size=\u00bbmedium\u00bb link=\u00bb#\u00bb][\/vc_column][vc_column width=\u00bb3\/6&#8243;][mk_padding_divider][mk_fancy_title color=\u00bb#0e92cf\u00bb size=\u00bb24&#8243; txt_transform=\u00bbuppercase\u00bb margin_bottom=\u00bb0&#8243; font_family=\u00bbnone\u00bb responsive_align=\u00bbleft\u00bb]Inspecci\u00f3n y muestreo guiados[\/mk_fancy_title][mk_fancy_title tag_name=\u00bbspan\u00bb color=\u00bb#333333&#8243; size=\u00bb16&#8243; font_weight=\u00bb300&#8243; margin_bottom=\u00bb0&#8243; font_family=\u00bbnone\u00bb responsive_align=\u00bbleft\u00bb]\n<ul>\n<li>reciba actualizaciones de sat\u00e9lite cada 5 d\u00edas<\/li>\n<li>detecte problemas antes de que sean visibles<\/li>\n<li>inspeccione zonas sospechosas de forma eficiente<\/li>\n<li>recoja muestras en \u00e1reas clave basadas en el vigor<\/li>\n<li>reduzca las p\u00e9rdidas<\/li>\n<li>poupe en pesticidas y herbicidas<\/li>\n<\/ul>\n[\/mk_fancy_title][\/vc_column][vc_column width=\u00bb2\/6&#8243;][mk_padding_divider size=\u00bb64&#8243;][mk_image src=\u00bbhttps:\/\/mapp.it\/wp-content\/uploads\/2024\/06\/mobile_8.png\u00bb image_size=\u00bbmedium\u00bb lightbox=\u00bbtrue\u00bb align=\u00bbcenter\u00bb animation=\u00bbscale-up\u00bb][\/vc_column][\/mk_page_section][mk_page_section bg_position=\u00bbright center\u00bb bg_repeat=\u00bbno-repeat\u00bb sidebar=\u00bbsidebar-1&#8243;][vc_column width=\u00bb1\/6&#8243;][mk_image src=\u00bbhttp:\/\/mapp.it\/wp-content\/uploads\/2017\/05\/viniculture_steps_3.png\u00bb image_size=\u00bbmedium\u00bb link=\u00bb#\u00bb][\/vc_column][vc_column width=\u00bb3\/6&#8243;][mk_padding_divider][mk_fancy_title color=\u00bb#0e92cf\u00bb size=\u00bb24&#8243; txt_transform=\u00bbuppercase\u00bb margin_bottom=\u00bb0&#8243; font_family=\u00bbnone\u00bb responsive_align=\u00bbleft\u00bb]Cree operaciones[\/mk_fancy_title][mk_fancy_title tag_name=\u00bbspan\u00bb color=\u00bb#333333&#8243; size=\u00bb16&#8243; font_weight=\u00bb300&#8243; margin_bottom=\u00bb0&#8243; font_family=\u00bbnone\u00bb responsive_align=\u00bbleft\u00bb]\n<ul>\n<li>aval\u00ede la variabilidad dentro de la parcela<\/li>\n<li>crie zonas de gesti\u00f3n diferenciada de forma autom\u00e1tica<\/li>\n<li>aplique la cantidad correcta en el lugar correcto<\/li>\n<li>use la app en su tractor<\/li>\n<li>funciona sin VRT ni tractores sin GPS<\/li>\n<li>poupe en los factores de producci\u00f3n<\/li>\n<li>ajuste la gesti\u00f3n a las especificidades de cada zona<\/li>\n<li>monitorice los impactos de los tratamientos<\/li>\n<\/ul>\n[\/mk_fancy_title][\/vc_column][vc_column width=\u00bb2\/6&#8243;][mk_padding_divider size=\u00bb64&#8243;][mk_image src=\u00bbhttps:\/\/mapp.it\/wp-content\/uploads\/2024\/06\/mobile_10.png\u00bb image_size=\u00bbmedium\u00bb lightbox=\u00bbtrue\u00bb align=\u00bbcenter\u00bb animation=\u00bbscale-up\u00bb][\/vc_column][\/mk_page_section][mk_page_section bg_position=\u00bbright center\u00bb bg_repeat=\u00bbno-repeat\u00bb sidebar=\u00bbsidebar-1&#8243;][vc_column width=\u00bb1\/6&#8243;][mk_image src=\u00bbhttp:\/\/mapp.it\/wp-content\/uploads\/2017\/05\/viniculture_steps_4.png\u00bb image_size=\u00bbmedium\u00bb link=\u00bb#\u00bb][\/vc_column][vc_column width=\u00bb3\/6&#8243;][mk_padding_divider][mk_fancy_title color=\u00bb#0e92cf\u00bb size=\u00bb24&#8243; txt_transform=\u00bbuppercase\u00bb margin_bottom=\u00bb0&#8243; font_family=\u00bbnone\u00bb responsive_align=\u00bbleft\u00bb]Vendimia selectiva[\/mk_fancy_title][mk_fancy_title tag_name=\u00bbspan\u00bb color=\u00bb#333333&#8243; size=\u00bb16&#8243; font_weight=\u00bb300&#8243; margin_bottom=\u00bb0&#8243; font_family=\u00bbnone\u00bb responsive_align=\u00bbleft\u00bb]\n<ul>\n<li>aval\u00ede la variabilidad intraparcela de la calidad de las uvas y de la productividad<\/li>\n<li>crie zonas de vendimia de forma autom\u00e1tica basada en calidad<\/li>\n<li>ajuste el tama\u00f1o de las zonas de acuerdo con metas de producci\u00f3n y calidad<\/li>\n<li>utilize a app na m\u00e1quina de vindimar ou para marcar zonas no campo<\/li>\n<li>vinifique por separado los lotes de diferente calidad y aumente el rendimiento para la misma \u00e1rea<\/li>\n<\/ul>\n[\/mk_fancy_title][\/vc_column][vc_column width=\u00bb2\/6&#8243;][mk_padding_divider size=\u00bb64&#8243;][mk_image src=\u00bbhttps:\/\/mapp.it\/wp-content\/uploads\/2024\/06\/mobile_11.png\u00bb image_size=\u00bbmedium\u00bb lightbox=\u00bbtrue\u00bb align=\u00bbcenter\u00bb animation=\u00bbscale-up\u00bb][\/vc_column][\/mk_page_section][mk_page_section bg_gradient=\u00bbhorizontal\u00bb video_color_mask=\u00bb#ff6c08&#8243; gr_end=\u00bb#ef493c\u00bb video_opacity=\u00bb1&#8243; min_height=\u00bb150&#8243; js_vertical_centered=\u00bbtrue\u00bb padding_top=\u00bb50&#8243; margin_bottom=\u00bb30&#8243; sidebar=\u00bbsidebar-1&#8243;][vc_column][vc_row_inner][vc_column_inner width=\u00bb1\/3&#8243;][mk_image src=\u00bbhttp:\/\/mapp.it\/wp-content\/uploads\/2017\/05\/logo_white.png\u00bb image_size=\u00bbfull\u00bb el_class=\u00bbreduced-img\u00bb][\/vc_column_inner][vc_column_inner width=\u00bb1\/3&#8243;][mk_fancy_title color=\u00bb#ffffff\u00bb size=\u00bb38&#8243; font_weight=\u00bb500&#8243; txt_transform=\u00bblowercase\u00bb font_family=\u00bbnone\u00bb align=\u00bbcenter\u00bb]aplicaci\u00f3n m\u00f3vil[\/mk_fancy_title][\/vc_column_inner][vc_column_inner width=\u00bb1\/3&#8243;][mk_button dimension=\u00bboutline\u00bb size=\u00bblarge\u00bb url=\u00bbhttps:\/\/mapp.it\/mobile-apps\/\u00bb align=\u00bbright\u00bb id=\u00bbinstall\u00bb outline_skin=\u00bblight\u00bb]instalar[\/mk_button][\/vc_column_inner][\/vc_row_inner][\/vc_column][\/mk_page_section][vc_row][vc_column][mk_image_slideshow images=\u00bb806,800,803,809,812&#8243; image_width=\u00bb1380&#8243; image_height=\u00bb828&#8243; slideshow_speed=\u00bb2000&#8243; pause_on_hover=\u00bbtrue\u00bb][\/vc_column][\/vc_row][mk_page_section bg_gradient=\u00bbhorizontal\u00bb video_color_mask=\u00bb#16b0cf\u00bb gr_end=\u00bb#1090ce\u00bb video_opacity=\u00bb1&#8243; padding_top=\u00bb50&#8243; padding_bottom=\u00bb0&#8243; margin_bottom=\u00bb30&#8243; sidebar=\u00bbsidebar-1&#8243;][vc_column][vc_row_inner is_fullwidth_content=\u00bbfalse\u00bb][vc_column_inner][mk_fancy_title color=\u00bb#ffffff\u00bb size=\u00bb38&#8243; font_weight=\u00bb500&#8243; font_family=\u00bbnone\u00bb responsive_align=\u00bbleft\u00bb]Ventajas[\/mk_fancy_title][\/vc_column_inner][\/vc_row_inner][vc_row_inner is_fullwidth_content=\u00bbfalse\u00bb][vc_column_inner width=\u00bb1\/2&#8243;][mk_fancy_title tag_name=\u00bbspan\u00bb color=\u00bb#ffffff\u00bb size=\u00bb16&#8243; font_weight=\u00bb300&#8243; font_family=\u00bbnone\u00bb responsive_align=\u00bbleft\u00bb]<span style=\"color: #ffffff;\"><img loading=\"lazy\" decoding=\"async\" class=\"size-full wp-image-704 alignleft\" src=\"http:\/\/mapp.it\/wp-content\/uploads\/2017\/05\/advantages_icon_01.png\" alt=\"\" width=\"47\" height=\"47\" srcset=\"https:\/\/mapp.it\/wp-content\/uploads\/2017\/05\/advantages_icon_01.png 47w, https:\/\/mapp.it\/wp-content\/uploads\/2017\/05\/advantages_icon_01-1024x1024.png 1024w\" sizes=\"(max-width: 47px) 100vw, 47px\" \/><\/span>NDVI a nivel de planta<br \/>\n(excluye vegetaci\u00f3n entre hileras<br \/>\ny otras interferencias)[\/mk_fancy_title][\/vc_column_inner][vc_column_inner width=\u00bb1\/2&#8243;][mk_fancy_title tag_name=\u00bbspan\u00bb color=\u00bb#ffffff\u00bb size=\u00bb16&#8243; font_weight=\u00bb300&#8243; font_family=\u00bbnone\u00bb responsive_align=\u00bbleft\u00bb]<img loading=\"lazy\" decoding=\"async\" class=\"size-full wp-image-707 alignleft\" src=\"http:\/\/mapp.it\/wp-content\/uploads\/2017\/05\/advantages_icon_04.png\" alt=\"\" width=\"47\" height=\"47\">Detecci\u00f3n temprana de plagas y<br \/>\nenfermedades[\/mk_fancy_title][\/vc_column_inner][\/vc_row_inner][vc_row_inner is_fullwidth_content=\u00bbfalse\u00bb][vc_column_inner width=\u00bb1\/2&#8243;][mk_fancy_title tag_name=\u00bbspan\u00bb color=\u00bb#ffffff\u00bb size=\u00bb16&#8243; font_weight=\u00bb300&#8243; font_family=\u00bbnone\u00bb responsive_align=\u00bbleft\u00bb]<img loading=\"lazy\" decoding=\"async\" class=\"size-full wp-image-705 alignleft\" src=\"http:\/\/mapp.it\/wp-content\/uploads\/2017\/05\/advantages_icon_02.png\" alt=\"\" width=\"47\" height=\"47\">Fusi\u00f3n de datos de sat\u00e9lite<br \/>\ny de drones[\/mk_fancy_title][\/vc_column_inner][vc_column_inner width=\u00bb1\/2&#8243;][mk_fancy_title tag_name=\u00bbspan\u00bb color=\u00bb#ffffff\u00bb size=\u00bb16&#8243; font_weight=\u00bb300&#8243; font_family=\u00bbnone\u00bb responsive_align=\u00bbleft\u00bb]<img loading=\"lazy\" decoding=\"async\" class=\"size-full wp-image-708 alignleft\" src=\"http:\/\/mapp.it\/wp-content\/uploads\/2017\/05\/advantages_icon_05.png\" alt=\"\" width=\"47\" height=\"47\">Eval\u00fae la calidad de la uva<br \/>\ny estimaciones de rendimiento desde el aire[\/mk_fancy_title][\/vc_column_inner][\/vc_row_inner][vc_row_inner is_fullwidth_content=\u00bbfalse\u00bb][vc_column_inner width=\u00bb1\/2&#8243;][mk_fancy_title tag_name=\u00bbspan\u00bb color=\u00bb#ffffff\u00bb size=\u00bb16&#8243; font_weight=\u00bb300&#8243; font_family=\u00bbnone\u00bb responsive_align=\u00bbleft\u00bb]<img loading=\"lazy\" decoding=\"async\" class=\"size-full wp-image-706 alignleft\" src=\"http:\/\/mapp.it\/wp-content\/uploads\/2017\/05\/advantages_icon_03.png\" alt=\"\" width=\"47\" height=\"47\">Actualizaciones del estado de la vi\u00f1a<br \/>\ncada 5 d\u00edas[\/mk_fancy_title][\/vc_column_inner][vc_column_inner width=\u00bb1\/2&#8243;][\/vc_column_inner][\/vc_row_inner][\/vc_column][\/mk_page_section][vc_row css=\u00bb.vc_custom_1495192248355{margin-bottom: 30px !important;}\u00bb id=\u00bbvideo\u00bb][vc_column css=\u00bb.vc_custom_1494952120549{margin-top: 40px !important;}\u00bb][mk_fancy_title color=\u00bb#0e92cf\u00bb size=\u00bb38&#8243; font_weight=\u00bb300&#8243; txt_transform=\u00bbuppercase\u00bb font_family=\u00bbnone\u00bb align=\u00bbcenter\u00bb]Vea c\u00f3mo funciona[\/mk_fancy_title][vc_video max_width=\u00bb900&#8243; link=\u00bbhttps:\/\/youtu.be\/WwX85VaAMvs?si=aEZZYLL7D9lJOqFh\u00bb animation=\u00bbfade-in\u00bb][\/vc_column][\/vc_row][vc_row el_class=\u00bbcustom_case_studies\u00bb][vc_column css=\u00bb.vc_custom_1494952120549{margin-top: 40px !important;}\u00bb][mk_fancy_title color=\u00bb#0e92cf\u00bb size=\u00bb38&#8243; font_weight=\u00bb300&#8243; txt_transform=\u00bbuppercase\u00bb font_family=\u00bbnone\u00bb align=\u00bbcenter\u00bb]Blog[\/mk_fancy_title][mk_blog style=\u00bbgrid\u00bb post_count=\u00bb3&#8243; transparent_border=\u00bbtrue\u00bb pagination_style=\u00bb2&#8243;][\/vc_column][\/vc_row][mk_page_section bg_image=\u00bbhttp:\/\/mapp.it\/wp-content\/uploads\/2017\/05\/footer.jpg\u00bb bg_color=\u00bbrgba(0,0,0,0.55)\u00bb blend_mode=\u00bbdarken\u00bb bg_position=\u00bbcenter center\u00bb bg_stretch=\u00bbtrue\u00bb min_height=\u00bb370&#8243; sidebar=\u00bbsidebar-1&#8243;][vc_column][mk_padding_divider][mk_fancy_title color=\u00bb#ffffff\u00bb size=\u00bb38&#8243; font_weight=\u00bb300&#8243; txt_transform=\u00bbuppercase\u00bb margin_bottom=\u00bb0&#8243; font_family=\u00bbnone\u00bb align=\u00bbcenter\u00bb]Contactos[\/mk_fancy_title][vc_column_text align=\u00bbcenter\u00bb]<span style=\"color: #ffffff;\">Rua de Fund\u00f5es 151<\/span><br \/>\n<span style=\"color: #ffffff;\">3700-121 S. Jo\u00e3o da Madeira, Portugal <\/span>[\/vc_column_text] [vc_row_inner][vc_column_inner width=\u00bb1\/3&#8243;][mk_button dimension=\u00bboutline\u00bb size=\u00bblarge\u00bb url=\u00bb#\u00bb align=\u00bbright\u00bb margin_right=\u00bb0&#8243; outline_skin=\u00bblight\u00bb]+351 256 001 949[\/mk_button][\/vc_column_inner][vc_column_inner width=\u00bb1\/3&#8243;][mk_fancy_title color=\u00bb#ffffff\u00bb size=\u00bb38&#8243; font_weight=\u00bb300&#8243; txt_transform=\u00bbuppercase\u00bb margin_bottom=\u00bb0&#8243; font_family=\u00bbnone\u00bb align=\u00bbcenter\u00bb]o[\/mk_fancy_title][\/vc_column_inner][vc_column_inner width=\u00bb1\/3&#8243;][mk_button dimension=\u00bboutline\u00bb size=\u00bblarge\u00bb url=\u00bbmailto:info@mapp.it\u00bb outline_skin=\u00bblight\u00bb]info@mapp.it[\/mk_button][\/vc_column_inner][\/vc_row_inner][mk_social_networks size=\u00bbmedium\u00bb style=\u00bbsimple\u00bb margin=\u00bb7&#8243; icon_color=\u00bb#ffffff\u00bb icon_hover_color=\u00bb#eeeeee\u00bb align=\u00bbcenter\u00bb facebook=\u00bb#\u00bb twitter=\u00bb#\u00bb linkedin=\u00bb#\u00bb youtube=\u00bb#\u00bb][\/vc_column][\/mk_page_section]\n","protected":false},"excerpt":{"rendered":"<p>[mk_page_section bg_image=\u00bbhttp:\/\/mapp.it\/wp-content\/uploads\/2018\/05\/tim-mossholder-95235.jpg\u00bb bg_position=\u00bbleft center\u00bb bg_repeat=\u00bbno-repeat\u00bb bg_stretch=\u00bbtrue\u00bb min_height=\u00bb370&#8243; full_width=\u00bbtrue\u00bb js_vertical_centered=\u00bbtrue\u00bb sidebar=\u00bbsidebar-1&#8243;][vc_column][vc_row_inner is_fullwidth_content=\u00bbfalse\u00bb][vc_column_inner][mk_fancy_title color=\u00bb#ffffff\u00bb size=\u00bb38&#8243; font_weight=\u00bb500&#8243; txt_transform=\u00bbuppercase\u00bb margin_bottom=\u00bb0&#8243; font_family=\u00bbnone\u00bb responsive_align=\u00bbleft\u00bb]Viticultura[\/mk_fancy_title][vc_column_text margin_bottom=\u00bb10&#8243;]vea c\u00f3mo funciona[\/vc_column_text][mk_image src=\u00bbhttp:\/\/mapp.it\/wp-content\/uploads\/2017\/05\/video.png\u00bb image_size=\u00bbfull\u00bb link=\u00bb#video\u00bb][\/vc_column_inner][\/vc_row_inner][\/vc_column][\/mk_page_section][mk_page_section bg_position=\u00bbright center\u00bb bg_repeat=\u00bbno-repeat\u00bb padding_top=\u00bb60&#8243; sidebar=\u00bbsidebar-1&#8243;][vc_column width=\u00bb1\/6&#8243;][mk_image src=\u00bbhttp:\/\/mapp.it\/wp-content\/uploads\/2017\/05\/viniculture_steps_1.png\u00bb image_size=\u00bbmedium\u00bb link=\u00bb#\u00bb][\/vc_column][vc_column width=\u00bb3\/6&#8243;][mk_padding_divider][mk_fancy_title color=\u00bb#0e92cf\u00bb size=\u00bb24&#8243; txt_transform=\u00bbuppercase\u00bb margin_bottom=\u00bb0&#8243; font_family=\u00bbnone\u00bb responsive_align=\u00bbleft\u00bb]DETECTE, LOCALICE Y CUENTE FALLOS EN LA VI\u00d1A[\/mk_fancy_title][mk_fancy_title tag_name=\u00bbspan\u00bb color=\u00bb#333333&#8243; size=\u00bb16&#8243; font_weight=\u00bb300&#8243; margin_bottom=\u00bb0&#8243; font_family=\u00bbnone\u00bb responsive_align=\u00bbleft\u00bb el_class=\u00bbbullets_blue\u00bb] [&hellip;]<\/p>\n","protected":false},"author":1,"featured_media":0,"parent":0,"menu_order":0,"comment_status":"closed","ping_status":"closed","template":"","meta":{"footnotes":""},"yoast_head":"<!-- This site is optimized with the Yoast SEO plugin v23.9 - https:\/\/yoast.com\/wordpress\/plugins\/seo\/ -->\n<title>Aplicaci\u00f3n M\u00f3vil para Viticultura de Precisi\u00f3n<\/title>\n<meta name=\"description\" content=\"Aplicaci\u00f3n m\u00f3vil para viticultura de precisi\u00f3n que permite monitoreo continuo de la explotaci\u00f3n, detecci\u00f3n de \u00e1reas con problemas y anotaci\u00f3n de observaciones en el campo\" \/>\n<meta name=\"robots\" content=\"index, follow, max-snippet:-1, max-image-preview:large, max-video-preview:-1\" \/>\n<link rel=\"canonical\" href=\"https:\/\/mapp.it\/es\/viticultura\/\" \/>\n<meta property=\"og:locale\" content=\"es_ES\" \/>\n<meta property=\"og:type\" content=\"article\" \/>\n<meta property=\"og:title\" content=\"Aplicaci\u00f3n M\u00f3vil para Viticultura de Precisi\u00f3n\" \/>\n<meta property=\"og:description\" content=\"Aplicaci\u00f3n m\u00f3vil para viticultura de precisi\u00f3n que permite monitoreo continuo de la explotaci\u00f3n, detecci\u00f3n de \u00e1reas con problemas y anotaci\u00f3n de observaciones en el campo\" \/>\n<meta property=\"og:url\" content=\"https:\/\/mapp.it\/es\/viticultura\/\" \/>\n<meta property=\"og:site_name\" content=\"MAPP\" \/>\n<meta property=\"article:modified_time\" content=\"2025-10-29T18:11:54+00:00\" \/>\n<meta property=\"og:image\" content=\"https:\/\/mapp.it\/wp-content\/uploads\/2017\/05\/advantages_icon_01.png\" \/>\n\t<meta property=\"og:image:width\" content=\"47\" \/>\n\t<meta property=\"og:image:height\" content=\"47\" \/>\n\t<meta property=\"og:image:type\" content=\"image\/png\" \/>\n<meta name=\"twitter:card\" content=\"summary_large_image\" \/>\n<meta name=\"twitter:label1\" content=\"Est. reading time\" \/>\n\t<meta name=\"twitter:data1\" content=\"4 minutos\" \/>\n<script type=\"application\/ld+json\" class=\"yoast-schema-graph\">{\"@context\":\"https:\/\/schema.org\",\"@graph\":[{\"@type\":\"WebPage\",\"@id\":\"https:\/\/mapp.it\/es\/viticultura\/\",\"url\":\"https:\/\/mapp.it\/es\/viticultura\/\",\"name\":\"Aplicaci\u00f3n M\u00f3vil para Viticultura de Precisi\u00f3n\",\"isPartOf\":{\"@id\":\"https:\/\/mapp.it\/#website\"},\"primaryImageOfPage\":{\"@id\":\"https:\/\/mapp.it\/es\/viticultura\/#primaryimage\"},\"image\":{\"@id\":\"https:\/\/mapp.it\/es\/viticultura\/#primaryimage\"},\"thumbnailUrl\":\"http:\/\/mapp.it\/wp-content\/uploads\/2017\/05\/advantages_icon_01.png\",\"datePublished\":\"2021-06-07T14:24:28+00:00\",\"dateModified\":\"2025-10-29T18:11:54+00:00\",\"description\":\"Aplicaci\u00f3n m\u00f3vil para viticultura de precisi\u00f3n que permite monitoreo continuo de la explotaci\u00f3n, detecci\u00f3n de \u00e1reas con problemas y anotaci\u00f3n de observaciones en el campo\",\"breadcrumb\":{\"@id\":\"https:\/\/mapp.it\/es\/viticultura\/#breadcrumb\"},\"inLanguage\":\"es\",\"potentialAction\":[{\"@type\":\"ReadAction\",\"target\":[\"https:\/\/mapp.it\/es\/viticultura\/\"]}]},{\"@type\":\"ImageObject\",\"inLanguage\":\"es\",\"@id\":\"https:\/\/mapp.it\/es\/viticultura\/#primaryimage\",\"url\":\"http:\/\/mapp.it\/wp-content\/uploads\/2017\/05\/advantages_icon_01.png\",\"contentUrl\":\"http:\/\/mapp.it\/wp-content\/uploads\/2017\/05\/advantages_icon_01.png\"},{\"@type\":\"BreadcrumbList\",\"@id\":\"https:\/\/mapp.it\/es\/viticultura\/#breadcrumb\",\"itemListElement\":[{\"@type\":\"ListItem\",\"position\":1,\"name\":\"Home\",\"item\":\"https:\/\/mapp.it\/es\/\"},{\"@type\":\"ListItem\",\"position\":2,\"name\":\"Viticultura\"}]},{\"@type\":\"WebSite\",\"@id\":\"https:\/\/mapp.it\/#website\",\"url\":\"https:\/\/mapp.it\/\",\"name\":\"Mapp.it\",\"description\":\"MAPP - Remote sensing for precision agriculture, forestry and mapping\",\"publisher\":{\"@id\":\"https:\/\/mapp.it\/#organization\"},\"potentialAction\":[{\"@type\":\"SearchAction\",\"target\":{\"@type\":\"EntryPoint\",\"urlTemplate\":\"https:\/\/mapp.it\/?s={search_term_string}\"},\"query-input\":{\"@type\":\"PropertyValueSpecification\",\"valueRequired\":true,\"valueName\":\"search_term_string\"}}],\"inLanguage\":\"es\"},{\"@type\":\"Organization\",\"@id\":\"https:\/\/mapp.it\/#organization\",\"name\":\"Mapp.it\",\"url\":\"https:\/\/mapp.it\/\",\"logo\":{\"@type\":\"ImageObject\",\"inLanguage\":\"es\",\"@id\":\"https:\/\/mapp.it\/#\/schema\/logo\/image\/\",\"url\":\"https:\/\/mapp.it\/wp-content\/uploads\/2024\/11\/manifest-icon-512.png\",\"contentUrl\":\"https:\/\/mapp.it\/wp-content\/uploads\/2024\/11\/manifest-icon-512.png\",\"width\":512,\"height\":512,\"caption\":\"Mapp.it\"},\"image\":{\"@id\":\"https:\/\/mapp.it\/#\/schema\/logo\/image\/\"},\"sameAs\":[\"https:\/\/medium.com\/@mapp\",\"https:\/\/www.linkedin.com\/company\/mapp-it\/\"]}]}<\/script>\n<!-- \/ Yoast SEO plugin. -->","yoast_head_json":{"title":"Aplicaci\u00f3n M\u00f3vil para Viticultura de Precisi\u00f3n","description":"Aplicaci\u00f3n m\u00f3vil para viticultura de precisi\u00f3n que permite monitoreo continuo de la explotaci\u00f3n, detecci\u00f3n de \u00e1reas con problemas y anotaci\u00f3n de observaciones en el campo","robots":{"index":"index","follow":"follow","max-snippet":"max-snippet:-1","max-image-preview":"max-image-preview:large","max-video-preview":"max-video-preview:-1"},"canonical":"https:\/\/mapp.it\/es\/viticultura\/","og_locale":"es_ES","og_type":"article","og_title":"Aplicaci\u00f3n M\u00f3vil para Viticultura de Precisi\u00f3n","og_description":"Aplicaci\u00f3n m\u00f3vil para viticultura de precisi\u00f3n que permite monitoreo continuo de la explotaci\u00f3n, detecci\u00f3n de \u00e1reas con problemas y anotaci\u00f3n de observaciones en el campo","og_url":"https:\/\/mapp.it\/es\/viticultura\/","og_site_name":"MAPP","article_modified_time":"2025-10-29T18:11:54+00:00","og_image":[{"width":47,"height":47,"url":"https:\/\/mapp.it\/wp-content\/uploads\/2017\/05\/advantages_icon_01.png","type":"image\/png"}],"twitter_card":"summary_large_image","twitter_misc":{"Est. reading time":"4 minutos"},"schema":{"@context":"https:\/\/schema.org","@graph":[{"@type":"WebPage","@id":"https:\/\/mapp.it\/es\/viticultura\/","url":"https:\/\/mapp.it\/es\/viticultura\/","name":"Aplicaci\u00f3n M\u00f3vil para Viticultura de Precisi\u00f3n","isPartOf":{"@id":"https:\/\/mapp.it\/#website"},"primaryImageOfPage":{"@id":"https:\/\/mapp.it\/es\/viticultura\/#primaryimage"},"image":{"@id":"https:\/\/mapp.it\/es\/viticultura\/#primaryimage"},"thumbnailUrl":"http:\/\/mapp.it\/wp-content\/uploads\/2017\/05\/advantages_icon_01.png","datePublished":"2021-06-07T14:24:28+00:00","dateModified":"2025-10-29T18:11:54+00:00","description":"Aplicaci\u00f3n m\u00f3vil para viticultura de precisi\u00f3n que permite monitoreo continuo de la explotaci\u00f3n, detecci\u00f3n de \u00e1reas con problemas y anotaci\u00f3n de observaciones en el campo","breadcrumb":{"@id":"https:\/\/mapp.it\/es\/viticultura\/#breadcrumb"},"inLanguage":"es","potentialAction":[{"@type":"ReadAction","target":["https:\/\/mapp.it\/es\/viticultura\/"]}]},{"@type":"ImageObject","inLanguage":"es","@id":"https:\/\/mapp.it\/es\/viticultura\/#primaryimage","url":"http:\/\/mapp.it\/wp-content\/uploads\/2017\/05\/advantages_icon_01.png","contentUrl":"http:\/\/mapp.it\/wp-content\/uploads\/2017\/05\/advantages_icon_01.png"},{"@type":"BreadcrumbList","@id":"https:\/\/mapp.it\/es\/viticultura\/#breadcrumb","itemListElement":[{"@type":"ListItem","position":1,"name":"Home","item":"https:\/\/mapp.it\/es\/"},{"@type":"ListItem","position":2,"name":"Viticultura"}]},{"@type":"WebSite","@id":"https:\/\/mapp.it\/#website","url":"https:\/\/mapp.it\/","name":"Mapp.it","description":"MAPP - Remote sensing for precision agriculture, forestry and mapping","publisher":{"@id":"https:\/\/mapp.it\/#organization"},"potentialAction":[{"@type":"SearchAction","target":{"@type":"EntryPoint","urlTemplate":"https:\/\/mapp.it\/?s={search_term_string}"},"query-input":{"@type":"PropertyValueSpecification","valueRequired":true,"valueName":"search_term_string"}}],"inLanguage":"es"},{"@type":"Organization","@id":"https:\/\/mapp.it\/#organization","name":"Mapp.it","url":"https:\/\/mapp.it\/","logo":{"@type":"ImageObject","inLanguage":"es","@id":"https:\/\/mapp.it\/#\/schema\/logo\/image\/","url":"https:\/\/mapp.it\/wp-content\/uploads\/2024\/11\/manifest-icon-512.png","contentUrl":"https:\/\/mapp.it\/wp-content\/uploads\/2024\/11\/manifest-icon-512.png","width":512,"height":512,"caption":"Mapp.it"},"image":{"@id":"https:\/\/mapp.it\/#\/schema\/logo\/image\/"},"sameAs":["https:\/\/medium.com\/@mapp","https:\/\/www.linkedin.com\/company\/mapp-it\/"]}]}},"_links":{"self":[{"href":"https:\/\/mapp.it\/es\/wp-json\/wp\/v2\/pages\/776"}],"collection":[{"href":"https:\/\/mapp.it\/es\/wp-json\/wp\/v2\/pages"}],"about":[{"href":"https:\/\/mapp.it\/es\/wp-json\/wp\/v2\/types\/page"}],"author":[{"embeddable":true,"href":"https:\/\/mapp.it\/es\/wp-json\/wp\/v2\/users\/1"}],"replies":[{"embeddable":true,"href":"https:\/\/mapp.it\/es\/wp-json\/wp\/v2\/comments?post=776"}],"version-history":[{"count":19,"href":"https:\/\/mapp.it\/es\/wp-json\/wp\/v2\/pages\/776\/revisions"}],"predecessor-version":[{"id":1669,"href":"https:\/\/mapp.it\/es\/wp-json\/wp\/v2\/pages\/776\/revisions\/1669"}],"wp:attachment":[{"href":"https:\/\/mapp.it\/es\/wp-json\/wp\/v2\/media?parent=776"}],"curies":[{"name":"wp","href":"https:\/\/api.w.org\/{rel}","templated":true}]}}