{"id":1608,"date":"2025-05-27T17:04:55","date_gmt":"2025-05-27T16:04:55","guid":{"rendered":"https:\/\/mapp.it\/aplicacoes-moveis\/"},"modified":"2026-01-16T14:58:49","modified_gmt":"2026-01-16T14:58:49","slug":"aplicacoes-moveis","status":"publish","type":"page","link":"https:\/\/mapp.it\/pt-pt\/aplicacoes-moveis\/","title":{"rendered":"Aplica\u00e7\u00f5es m\u00f3veis"},"content":{"rendered":"[vc_row][vc_column][mk_revslider id=&#8221;mobile-apps&#8221;][\/vc_column][\/vc_row][mk_page_section bg_gradient=&#8221;horizontal&#8221; video_color_mask=&#8221;#ff6c08&#8243; gr_end=&#8221;#ef493c&#8221; video_opacity=&#8221;1&#8243; min_height=&#8221;150&#8243; js_vertical_centered=&#8221;true&#8221; padding_top=&#8221;50&#8243; margin_bottom=&#8221;30&#8243; sidebar=&#8221;sidebar-1&#8243;][vc_column][vc_row_inner][vc_column_inner width=&#8221;1\/3&#8243;][mk_image src=&#8221;http:\/\/mapp.it\/wp-content\/uploads\/2017\/05\/logo_white.png&#8221; image_size=&#8221;full&#8221; el_class=&#8221;reduced-img&#8221;][\/vc_column_inner][vc_column_inner width=&#8221;1\/3&#8243;][mk_fancy_title color=&#8221;#ffffff&#8221; size=&#8221;38&#8243; font_weight=&#8221;500&#8243; txt_transform=&#8221;lowercase&#8221; font_family=&#8221;none&#8221; align=&#8221;center&#8221;]Experimente gratuitamente[\/mk_fancy_title][\/vc_column_inner][vc_column_inner width=&#8221;1\/3&#8243;][\/vc_column_inner][\/vc_row_inner][\/vc_column][\/mk_page_section][vc_row][vc_column][vc_row_inner][vc_column_inner][mk_fancy_title color=&#8221;#0e92cf&#8221; size=&#8221;24&#8243; txt_transform=&#8221;uppercase&#8221; margin_top=&#8221;40&#8243; margin_bottom=&#8221;0&#8243; font_family=&#8221;none&#8221; responsive_align=&#8221;left&#8221; el_class=&#8221;px-5&#8243;]Para obter a aplica\u00e7\u00e3o m\u00f3vel Mapp.it, digitalize o c\u00f3digo QR ou prima no link[\/mk_fancy_title][\/vc_column_inner][\/vc_row_inner][vc_row_inner][vc_column_inner width=&#8221;1\/2&#8243;][mk_padding_divider][vc_single_image image=&#8221;1692&#8243; img_size=&#8221;200&#215;200&#8243; alignment=&#8221;center&#8221;][\/vc_column_inner][vc_column_inner width=&#8221;1\/2&#8243;][mk_padding_divider][vc_single_image image=&#8221;1508&#8243; img_size=&#8221;full&#8221; onclick=&#8221;custom_link&#8221; link=&#8221;http:\/\/play.google.com\/store\/apps\/details?id=it.mapp.mobile.twa&#8221;][vc_single_image image=&#8221;1516&#8243; img_size=&#8221;full&#8221; onclick=&#8221;custom_link&#8221; link=&#8221;https:\/\/apps.apple.com\/pt\/app\/mapp-it\/id6744938967&#8243;][\/vc_column_inner][\/vc_row_inner][mk_padding_divider size=&#8221;140&#8243;][\/vc_column][\/vc_row][mk_page_section bg_image=&#8221;http:\/\/mapp.it\/wp-content\/uploads\/2017\/05\/footer.jpg&#8221; bg_color=&#8221;rgba(0,0,0,0.55)&#8221; blend_mode=&#8221;darken&#8221; bg_position=&#8221;center center&#8221; bg_stretch=&#8221;true&#8221; min_height=&#8221;370&#8243; sidebar=&#8221;sidebar-1&#8243;][vc_column][mk_padding_divider][mk_fancy_title color=&#8221;#ffffff&#8221; size=&#8221;38&#8243; font_weight=&#8221;300&#8243; txt_transform=&#8221;uppercase&#8221; margin_bottom=&#8221;0&#8243; font_family=&#8221;none&#8221; align=&#8221;center&#8221;]Contactos[\/mk_fancy_title][vc_column_text align=&#8221;center&#8221;]<span style=\"color: #ffffff;\">Rua de Fund\u00f5es 151<\/span><br \/>\n<span style=\"color: #ffffff;\">3700-121 S. Jo\u00e3o da Madeira, Portugal <\/span>[\/vc_column_text] [vc_row_inner][vc_column_inner width=&#8221;1\/3&#8243;][mk_button dimension=&#8221;outline&#8221; size=&#8221;large&#8221; url=&#8221;#&#8221; align=&#8221;right&#8221; margin_right=&#8221;0&#8243; outline_skin=&#8221;light&#8221;]+351 256 001 949[\/mk_button][\/vc_column_inner][vc_column_inner width=&#8221;1\/3&#8243;][mk_fancy_title color=&#8221;#ffffff&#8221; size=&#8221;38&#8243; font_weight=&#8221;300&#8243; txt_transform=&#8221;uppercase&#8221; margin_bottom=&#8221;0&#8243; font_family=&#8221;none&#8221; align=&#8221;center&#8221;]ou[\/mk_fancy_title][\/vc_column_inner][vc_column_inner width=&#8221;1\/3&#8243;][mk_button dimension=&#8221;outline&#8221; size=&#8221;large&#8221; url=&#8221;info@mapp.it&#8221; outline_skin=&#8221;light&#8221;]info@mapp.it[\/mk_button][\/vc_column_inner][\/vc_row_inner][mk_social_networks size=&#8221;medium&#8221; style=&#8221;simple&#8221; margin=&#8221;7&#8243; icon_color=&#8221;#ffffff&#8221; icon_hover_color=&#8221;#eeeeee&#8221; align=&#8221;center&#8221; facebook=&#8221;https:\/\/www.facebook.com\/app.mapp.it\/&#8221; instagram=&#8221;https:\/\/www.instagram.com\/getmapp.it\/&#8221; linkedin=&#8221;https:\/\/www.linkedin.com\/company\/mapp-it\/&#8221; youtube=&#8221;https:\/\/www.youtube.com\/watch?v=WwX85VaAMvs&amp;ab_channel=Mappit&#8221;][\/vc_column][\/mk_page_section]\n","protected":false},"excerpt":{"rendered":"<p>[vc_row][vc_column][mk_revslider id=&#8221;mobile-apps&#8221;][\/vc_column][\/vc_row][mk_page_section bg_gradient=&#8221;horizontal&#8221; video_color_mask=&#8221;#ff6c08&#8243; gr_end=&#8221;#ef493c&#8221; video_opacity=&#8221;1&#8243; min_height=&#8221;150&#8243; js_vertical_centered=&#8221;true&#8221; padding_top=&#8221;50&#8243; margin_bottom=&#8221;30&#8243; sidebar=&#8221;sidebar-1&#8243;][vc_column][vc_row_inner][vc_column_inner width=&#8221;1\/3&#8243;][mk_image src=&#8221;http:\/\/mapp.it\/wp-content\/uploads\/2017\/05\/logo_white.png&#8221; image_size=&#8221;full&#8221; el_class=&#8221;reduced-img&#8221;][\/vc_column_inner][vc_column_inner width=&#8221;1\/3&#8243;][mk_fancy_title color=&#8221;#ffffff&#8221; size=&#8221;38&#8243; font_weight=&#8221;500&#8243; txt_transform=&#8221;lowercase&#8221; font_family=&#8221;none&#8221; align=&#8221;center&#8221;]Experimente gratuitamente[\/mk_fancy_title][\/vc_column_inner][vc_column_inner width=&#8221;1\/3&#8243;][\/vc_column_inner][\/vc_row_inner][\/vc_column][\/mk_page_section][vc_row][vc_column][vc_row_inner][vc_column_inner][mk_fancy_title color=&#8221;#0e92cf&#8221; size=&#8221;24&#8243; txt_transform=&#8221;uppercase&#8221; margin_top=&#8221;40&#8243; margin_bottom=&#8221;0&#8243; font_family=&#8221;none&#8221; responsive_align=&#8221;left&#8221; el_class=&#8221;px-5&#8243;]Para obter a aplica\u00e7\u00e3o m\u00f3vel Mapp.it, digitalize o c\u00f3digo QR ou prima no link[\/mk_fancy_title][\/vc_column_inner][\/vc_row_inner][vc_row_inner][vc_column_inner width=&#8221;1\/2&#8243;][mk_padding_divider][vc_single_image image=&#8221;1692&#8243; img_size=&#8221;200&#215;200&#8243; alignment=&#8221;center&#8221;][\/vc_column_inner][vc_column_inner width=&#8221;1\/2&#8243;][mk_padding_divider][vc_single_image image=&#8221;1508&#8243; img_size=&#8221;full&#8221; onclick=&#8221;custom_link&#8221; link=&#8221;http:\/\/play.google.com\/store\/apps\/details?id=it.mapp.mobile.twa&#8221;][vc_single_image image=&#8221;1516&#8243; [&hellip;]<\/p>\n","protected":false},"author":1,"featured_media":0,"parent":0,"menu_order":0,"comment_status":"closed","ping_status":"closed","template":"","meta":{"footnotes":""},"yoast_head":"<!-- This site is optimized with the Yoast SEO plugin v23.9 - https:\/\/yoast.com\/wordpress\/plugins\/seo\/ -->\n<title>Aplica\u00e7\u00e3o m\u00f3vel para agricultura de precis\u00e3o<\/title>\n<meta name=\"description\" content=\"Aplica\u00e7\u00e3o m\u00f3vel de Agricultura de Precis\u00e3o que permite monitorizar remotamente as culturas, detectar \u00e1reas com fraco desempenho e registar observa\u00e7\u00f5es\" \/>\n<meta name=\"robots\" content=\"index, follow, max-snippet:-1, max-image-preview:large, max-video-preview:-1\" \/>\n<link rel=\"canonical\" href=\"https:\/\/mapp.it\/pt-pt\/aplicacoes-moveis\/\" \/>\n<meta property=\"og:locale\" content=\"pt_PT\" \/>\n<meta property=\"og:type\" content=\"article\" \/>\n<meta property=\"og:title\" content=\"Aplica\u00e7\u00e3o m\u00f3vel para agricultura de precis\u00e3o\" \/>\n<meta property=\"og:description\" content=\"Aplica\u00e7\u00e3o m\u00f3vel de Agricultura de Precis\u00e3o que permite monitorizar remotamente as culturas, detectar \u00e1reas com fraco desempenho e registar observa\u00e7\u00f5es\" \/>\n<meta property=\"og:url\" content=\"https:\/\/mapp.it\/pt-pt\/aplicacoes-moveis\/\" \/>\n<meta property=\"og:site_name\" content=\"MAPP\" \/>\n<meta property=\"article:modified_time\" content=\"2026-01-16T14:58:49+00:00\" \/>\n<meta name=\"twitter:card\" content=\"summary_large_image\" \/>\n<meta name=\"twitter:label1\" content=\"Est. reading time\" \/>\n\t<meta name=\"twitter:data1\" content=\"1 minuto\" \/>\n<script type=\"application\/ld+json\" class=\"yoast-schema-graph\">{\"@context\":\"https:\/\/schema.org\",\"@graph\":[{\"@type\":\"WebPage\",\"@id\":\"https:\/\/mapp.it\/pt-pt\/aplicacoes-moveis\/\",\"url\":\"https:\/\/mapp.it\/pt-pt\/aplicacoes-moveis\/\",\"name\":\"Aplica\u00e7\u00e3o m\u00f3vel para agricultura de precis\u00e3o\",\"isPartOf\":{\"@id\":\"https:\/\/mapp.it\/#website\"},\"datePublished\":\"2025-05-27T16:04:55+00:00\",\"dateModified\":\"2026-01-16T14:58:49+00:00\",\"description\":\"Aplica\u00e7\u00e3o m\u00f3vel de Agricultura de Precis\u00e3o que permite monitorizar remotamente as culturas, detectar \u00e1reas com fraco desempenho e registar observa\u00e7\u00f5es\",\"breadcrumb\":{\"@id\":\"https:\/\/mapp.it\/pt-pt\/aplicacoes-moveis\/#breadcrumb\"},\"inLanguage\":\"pt-PT\",\"potentialAction\":[{\"@type\":\"ReadAction\",\"target\":[\"https:\/\/mapp.it\/pt-pt\/aplicacoes-moveis\/\"]}]},{\"@type\":\"BreadcrumbList\",\"@id\":\"https:\/\/mapp.it\/pt-pt\/aplicacoes-moveis\/#breadcrumb\",\"itemListElement\":[{\"@type\":\"ListItem\",\"position\":1,\"name\":\"Home\",\"item\":\"https:\/\/mapp.it\/pt-pt\/\"},{\"@type\":\"ListItem\",\"position\":2,\"name\":\"Aplica\u00e7\u00e3o monitoriza\u00e7\u00e3o de culturas\"}]},{\"@type\":\"WebSite\",\"@id\":\"https:\/\/mapp.it\/#website\",\"url\":\"https:\/\/mapp.it\/\",\"name\":\"Mapp.it\",\"description\":\"MAPP - Remote sensing for precision agriculture, forestry and mapping\",\"publisher\":{\"@id\":\"https:\/\/mapp.it\/#organization\"},\"potentialAction\":[{\"@type\":\"SearchAction\",\"target\":{\"@type\":\"EntryPoint\",\"urlTemplate\":\"https:\/\/mapp.it\/?s={search_term_string}\"},\"query-input\":{\"@type\":\"PropertyValueSpecification\",\"valueRequired\":true,\"valueName\":\"search_term_string\"}}],\"inLanguage\":\"pt-PT\"},{\"@type\":\"Organization\",\"@id\":\"https:\/\/mapp.it\/#organization\",\"name\":\"Mapp.it\",\"url\":\"https:\/\/mapp.it\/\",\"logo\":{\"@type\":\"ImageObject\",\"inLanguage\":\"pt-PT\",\"@id\":\"https:\/\/mapp.it\/#\/schema\/logo\/image\/\",\"url\":\"https:\/\/mapp.it\/wp-content\/uploads\/2024\/11\/manifest-icon-512.png\",\"contentUrl\":\"https:\/\/mapp.it\/wp-content\/uploads\/2024\/11\/manifest-icon-512.png\",\"width\":512,\"height\":512,\"caption\":\"Mapp.it\"},\"image\":{\"@id\":\"https:\/\/mapp.it\/#\/schema\/logo\/image\/\"},\"sameAs\":[\"https:\/\/medium.com\/@mapp\",\"https:\/\/www.linkedin.com\/company\/mapp-it\/\"]}]}<\/script>\n<!-- \/ Yoast SEO plugin. -->","yoast_head_json":{"title":"Aplica\u00e7\u00e3o m\u00f3vel para agricultura de precis\u00e3o","description":"Aplica\u00e7\u00e3o m\u00f3vel de Agricultura de Precis\u00e3o que permite monitorizar remotamente as culturas, detectar \u00e1reas com fraco desempenho e registar observa\u00e7\u00f5es","robots":{"index":"index","follow":"follow","max-snippet":"max-snippet:-1","max-image-preview":"max-image-preview:large","max-video-preview":"max-video-preview:-1"},"canonical":"https:\/\/mapp.it\/pt-pt\/aplicacoes-moveis\/","og_locale":"pt_PT","og_type":"article","og_title":"Aplica\u00e7\u00e3o m\u00f3vel para agricultura de precis\u00e3o","og_description":"Aplica\u00e7\u00e3o m\u00f3vel de Agricultura de Precis\u00e3o que permite monitorizar remotamente as culturas, detectar \u00e1reas com fraco desempenho e registar observa\u00e7\u00f5es","og_url":"https:\/\/mapp.it\/pt-pt\/aplicacoes-moveis\/","og_site_name":"MAPP","article_modified_time":"2026-01-16T14:58:49+00:00","twitter_card":"summary_large_image","twitter_misc":{"Est. reading time":"1 minuto"},"schema":{"@context":"https:\/\/schema.org","@graph":[{"@type":"WebPage","@id":"https:\/\/mapp.it\/pt-pt\/aplicacoes-moveis\/","url":"https:\/\/mapp.it\/pt-pt\/aplicacoes-moveis\/","name":"Aplica\u00e7\u00e3o m\u00f3vel para agricultura de precis\u00e3o","isPartOf":{"@id":"https:\/\/mapp.it\/#website"},"datePublished":"2025-05-27T16:04:55+00:00","dateModified":"2026-01-16T14:58:49+00:00","description":"Aplica\u00e7\u00e3o m\u00f3vel de Agricultura de Precis\u00e3o que permite monitorizar remotamente as culturas, detectar \u00e1reas com fraco desempenho e registar observa\u00e7\u00f5es","breadcrumb":{"@id":"https:\/\/mapp.it\/pt-pt\/aplicacoes-moveis\/#breadcrumb"},"inLanguage":"pt-PT","potentialAction":[{"@type":"ReadAction","target":["https:\/\/mapp.it\/pt-pt\/aplicacoes-moveis\/"]}]},{"@type":"BreadcrumbList","@id":"https:\/\/mapp.it\/pt-pt\/aplicacoes-moveis\/#breadcrumb","itemListElement":[{"@type":"ListItem","position":1,"name":"Home","item":"https:\/\/mapp.it\/pt-pt\/"},{"@type":"ListItem","position":2,"name":"Aplica\u00e7\u00e3o monitoriza\u00e7\u00e3o de culturas"}]},{"@type":"WebSite","@id":"https:\/\/mapp.it\/#website","url":"https:\/\/mapp.it\/","name":"Mapp.it","description":"MAPP - Remote sensing for precision agriculture, forestry and mapping","publisher":{"@id":"https:\/\/mapp.it\/#organization"},"potentialAction":[{"@type":"SearchAction","target":{"@type":"EntryPoint","urlTemplate":"https:\/\/mapp.it\/?s={search_term_string}"},"query-input":{"@type":"PropertyValueSpecification","valueRequired":true,"valueName":"search_term_string"}}],"inLanguage":"pt-PT"},{"@type":"Organization","@id":"https:\/\/mapp.it\/#organization","name":"Mapp.it","url":"https:\/\/mapp.it\/","logo":{"@type":"ImageObject","inLanguage":"pt-PT","@id":"https:\/\/mapp.it\/#\/schema\/logo\/image\/","url":"https:\/\/mapp.it\/wp-content\/uploads\/2024\/11\/manifest-icon-512.png","contentUrl":"https:\/\/mapp.it\/wp-content\/uploads\/2024\/11\/manifest-icon-512.png","width":512,"height":512,"caption":"Mapp.it"},"image":{"@id":"https:\/\/mapp.it\/#\/schema\/logo\/image\/"},"sameAs":["https:\/\/medium.com\/@mapp","https:\/\/www.linkedin.com\/company\/mapp-it\/"]}]}},"_links":{"self":[{"href":"https:\/\/mapp.it\/pt-pt\/wp-json\/wp\/v2\/pages\/1608"}],"collection":[{"href":"https:\/\/mapp.it\/pt-pt\/wp-json\/wp\/v2\/pages"}],"about":[{"href":"https:\/\/mapp.it\/pt-pt\/wp-json\/wp\/v2\/types\/page"}],"author":[{"embeddable":true,"href":"https:\/\/mapp.it\/pt-pt\/wp-json\/wp\/v2\/users\/1"}],"replies":[{"embeddable":true,"href":"https:\/\/mapp.it\/pt-pt\/wp-json\/wp\/v2\/comments?post=1608"}],"version-history":[{"count":11,"href":"https:\/\/mapp.it\/pt-pt\/wp-json\/wp\/v2\/pages\/1608\/revisions"}],"predecessor-version":[{"id":1702,"href":"https:\/\/mapp.it\/pt-pt\/wp-json\/wp\/v2\/pages\/1608\/revisions\/1702"}],"wp:attachment":[{"href":"https:\/\/mapp.it\/pt-pt\/wp-json\/wp\/v2\/media?parent=1608"}],"curies":[{"name":"wp","href":"https:\/\/api.w.org\/{rel}","templated":true}]}}