{"id":696,"date":"2021-03-11T12:50:35","date_gmt":"2021-03-11T12:50:35","guid":{"rendered":"https:\/\/mapp.it\/?page_id=696"},"modified":"2025-10-23T09:31:55","modified_gmt":"2025-10-23T08:31:55","slug":"viticultura","status":"publish","type":"page","link":"https:\/\/mapp.it\/pt-pt\/viticultura\/","title":{"rendered":"Viticultura"},"content":{"rendered":"[mk_page_section bg_image=&#8221;http:\/\/mapp.it\/wp-content\/uploads\/2018\/05\/tim-mossholder-95235.jpg&#8221; bg_position=&#8221;left center&#8221; bg_repeat=&#8221;no-repeat&#8221; bg_stretch=&#8221;true&#8221; min_height=&#8221;370&#8243; full_width=&#8221;true&#8221; js_vertical_centered=&#8221;true&#8221; sidebar=&#8221;sidebar-1&#8243;][vc_column][vc_row_inner is_fullwidth_content=&#8221;false&#8221;][vc_column_inner][mk_fancy_title color=&#8221;#ffffff&#8221; size=&#8221;38&#8243; font_weight=&#8221;500&#8243; txt_transform=&#8221;uppercase&#8221; margin_bottom=&#8221;0&#8243; font_family=&#8221;none&#8221; responsive_align=&#8221;left&#8221;]Viticultura[\/mk_fancy_title][vc_column_text margin_bottom=&#8221;10&#8243;]<span style=\"color: #ffffff;\">veja como funciona<\/span>[\/vc_column_text][mk_image src=&#8221;http:\/\/mapp.it\/wp-content\/uploads\/2017\/05\/video.png&#8221; image_size=&#8221;full&#8221; link=&#8221;#video&#8221;][\/vc_column_inner][\/vc_row_inner][\/vc_column][\/mk_page_section][mk_page_section bg_position=&#8221;right center&#8221; bg_repeat=&#8221;no-repeat&#8221; padding_top=&#8221;60&#8243; sidebar=&#8221;sidebar-1&#8243;][vc_column width=&#8221;1\/6&#8243;][mk_image src=&#8221;http:\/\/mapp.it\/wp-content\/uploads\/2017\/05\/viniculture_steps_1.png&#8221; image_size=&#8221;medium&#8221; link=&#8221;#&#8221;][\/vc_column][vc_column width=&#8221;3\/6&#8243;][mk_padding_divider][mk_fancy_title color=&#8221;#0e92cf&#8221; size=&#8221;24&#8243; txt_transform=&#8221;uppercase&#8221; margin_bottom=&#8221;0&#8243; font_family=&#8221;none&#8221; responsive_align=&#8221;left&#8221;]DETECTE, LOCALIZE E CONTE FALHAS NA VINHA[\/mk_fancy_title][mk_fancy_title tag_name=&#8221;span&#8221; color=&#8221;#333333&#8243; size=&#8221;16&#8243; font_weight=&#8221;300&#8243; margin_bottom=&#8221;0&#8243; font_family=&#8221;none&#8221; responsive_align=&#8221;left&#8221; el_class=&#8221;bullets_blue&#8221;]\n<ul>\n<li>saiba o n\u00famero real de videiras<\/li>\n<li>saiba onde aplicar recursos<\/li>\n<li>saiba o n\u00famero e localiza\u00e7\u00e3o de falhas na vinha<\/li>\n<\/ul>\n[\/mk_fancy_title][\/vc_column][vc_column width=&#8221;2\/6&#8243;][mk_padding_divider size=&#8221;64&#8243;][mk_image src=&#8221;https:\/\/mapp.it\/wp-content\/uploads\/2024\/06\/mobile_9.png&#8221; image_size=&#8221;medium&#8221; lightbox=&#8221;true&#8221; align=&#8221;center&#8221; animation=&#8221;scale-up&#8221;][\/vc_column][\/mk_page_section][mk_page_section bg_position=&#8221;right center&#8221; bg_repeat=&#8221;no-repeat&#8221; sidebar=&#8221;sidebar-1&#8243;][vc_column width=&#8221;1\/6&#8243;][mk_image src=&#8221;http:\/\/mapp.it\/wp-content\/uploads\/2017\/05\/viniculture_steps_2.png&#8221; image_size=&#8221;medium&#8221; link=&#8221;#&#8221;][\/vc_column][vc_column width=&#8221;3\/6&#8243;][mk_padding_divider][mk_fancy_title color=&#8221;#0e92cf&#8221; size=&#8221;24&#8243; txt_transform=&#8221;uppercase&#8221; margin_bottom=&#8221;0&#8243; font_family=&#8221;none&#8221; responsive_align=&#8221;left&#8221;]Inspec\u00e7\u00e3o &amp; amostragem guiadas[\/mk_fancy_title][mk_fancy_title tag_name=&#8221;span&#8221; color=&#8221;#333333&#8243; size=&#8221;16&#8243; font_weight=&#8221;300&#8243; margin_bottom=&#8221;0&#8243; font_family=&#8221;none&#8221; responsive_align=&#8221;left&#8221;]\n<ul>\n<li>receba actualiza\u00e7\u00f5es de sat\u00e9lite a cada 5 dias<\/li>\n<li>detecte problemas antes de serem vis\u00edveis<\/li>\n<li>inspeccione zonas suspeitas de forma eficiente<\/li>\n<li>recolha amostras em \u00e1reas chave baseadas no vigor<\/li>\n<li>reduza as perdas<\/li>\n<li>poupe em pesticidas e herbicidas<\/li>\n<\/ul>\n[\/mk_fancy_title][\/vc_column][vc_column width=&#8221;2\/6&#8243;][mk_padding_divider size=&#8221;64&#8243;][mk_image src=&#8221;https:\/\/mapp.it\/wp-content\/uploads\/2024\/06\/mobile_8.png&#8221; image_size=&#8221;medium&#8221; lightbox=&#8221;true&#8221; align=&#8221;center&#8221; animation=&#8221;scale-up&#8221;][\/vc_column][\/mk_page_section][mk_page_section bg_position=&#8221;right center&#8221; bg_repeat=&#8221;no-repeat&#8221; sidebar=&#8221;sidebar-1&#8243;][vc_column width=&#8221;1\/6&#8243;][mk_image src=&#8221;http:\/\/mapp.it\/wp-content\/uploads\/2017\/05\/viniculture_steps_3.png&#8221; image_size=&#8221;medium&#8221; link=&#8221;#&#8221;][\/vc_column][vc_column width=&#8221;3\/6&#8243;][mk_padding_divider][mk_fancy_title color=&#8221;#0e92cf&#8221; size=&#8221;24&#8243; txt_transform=&#8221;uppercase&#8221; margin_bottom=&#8221;0&#8243; font_family=&#8221;none&#8221; responsive_align=&#8221;left&#8221;]Crie opera\u00e7\u00f5es[\/mk_fancy_title][mk_fancy_title tag_name=&#8221;span&#8221; color=&#8221;#333333&#8243; size=&#8221;16&#8243; font_weight=&#8221;300&#8243; margin_bottom=&#8221;0&#8243; font_family=&#8221;none&#8221; responsive_align=&#8221;left&#8221;]\n<ul>\n<li>avalie a variabilidade dentro da parcela<\/li>\n<li>crie zonas de gest\u00e3o diferenciada de forma autom\u00e1tica<\/li>\n<li>aplique a quantidade certa no local certo<\/li>\n<li>use a app no seu tractor<\/li>\n<li>funciona sem VRT ou tractores sem GPS<\/li>\n<li>poupe nos factores de produ\u00e7\u00e3o<\/li>\n<li>ajuste a gest\u00e3o \u00e0s especificidades de cada zona<\/li>\n<li>monitorize os impactos dos tratamentos<\/li>\n<\/ul>\n[\/mk_fancy_title][\/vc_column][vc_column width=&#8221;2\/6&#8243;][mk_padding_divider size=&#8221;64&#8243;][mk_image src=&#8221;https:\/\/mapp.it\/wp-content\/uploads\/2024\/06\/mobile_10.png&#8221; image_size=&#8221;medium&#8221; lightbox=&#8221;true&#8221; align=&#8221;center&#8221; animation=&#8221;scale-up&#8221;][\/vc_column][\/mk_page_section][mk_page_section bg_position=&#8221;right center&#8221; bg_repeat=&#8221;no-repeat&#8221; sidebar=&#8221;sidebar-1&#8243;][vc_column width=&#8221;1\/6&#8243;][mk_image src=&#8221;http:\/\/mapp.it\/wp-content\/uploads\/2017\/05\/viniculture_steps_4.png&#8221; image_size=&#8221;medium&#8221; link=&#8221;#&#8221;][\/vc_column][vc_column width=&#8221;3\/6&#8243;][mk_padding_divider][mk_fancy_title color=&#8221;#0e92cf&#8221; size=&#8221;24&#8243; txt_transform=&#8221;uppercase&#8221; margin_bottom=&#8221;0&#8243; font_family=&#8221;none&#8221; responsive_align=&#8221;left&#8221;]Vindima selectiva[\/mk_fancy_title][mk_fancy_title tag_name=&#8221;span&#8221; color=&#8221;#333333&#8243; size=&#8221;16&#8243; font_weight=&#8221;300&#8243; margin_bottom=&#8221;0&#8243; font_family=&#8221;none&#8221; responsive_align=&#8221;left&#8221;]\n<ul>\n<li>avalie a variabilidade intra-parcelar da qualidade das uvas e da produtividade<\/li>\n<li>crie zonas de vindima de forma autom\u00e1tica baseada em qualidade<\/li>\n<li>ajuste o tamanho das zonas de acordo com metas de produ\u00e7\u00e3o e qualidade<\/li>\n<li>utilize a app na m\u00e1quina de vindimar ou para marcar zonas no campo<\/li>\n<li>vinifique separadamente lotes de diferente qualidade e aumente o rendimento para a mesma \u00e1rea<\/li>\n<\/ul>\n[\/mk_fancy_title][\/vc_column][vc_column width=&#8221;2\/6&#8243;][mk_padding_divider size=&#8221;64&#8243;][mk_image src=&#8221;https:\/\/mapp.it\/wp-content\/uploads\/2024\/06\/mobile_11.png&#8221; image_size=&#8221;medium&#8221; lightbox=&#8221;true&#8221; align=&#8221;center&#8221; animation=&#8221;scale-up&#8221;][\/vc_column][\/mk_page_section][mk_page_section bg_gradient=&#8221;horizontal&#8221; video_color_mask=&#8221;#ff6c08&#8243; gr_end=&#8221;#ef493c&#8221; video_opacity=&#8221;1&#8243; min_height=&#8221;150&#8243; js_vertical_centered=&#8221;true&#8221; padding_top=&#8221;50&#8243; margin_bottom=&#8221;30&#8243; sidebar=&#8221;sidebar-1&#8243;][vc_column][vc_row_inner][vc_column_inner width=&#8221;1\/3&#8243;][mk_image src=&#8221;http:\/\/mapp.it\/wp-content\/uploads\/2017\/05\/logo_white.png&#8221; image_size=&#8221;full&#8221; el_class=&#8221;reduced-img&#8221;][\/vc_column_inner][vc_column_inner width=&#8221;1\/3&#8243;][mk_fancy_title color=&#8221;#ffffff&#8221; size=&#8221;38&#8243; font_weight=&#8221;500&#8243; txt_transform=&#8221;lowercase&#8221; font_family=&#8221;none&#8221; align=&#8221;center&#8221;]aplica\u00e7\u00e3o m\u00f3vel[\/mk_fancy_title][\/vc_column_inner][vc_column_inner width=&#8221;1\/3&#8243;][mk_button dimension=&#8221;outline&#8221; size=&#8221;large&#8221; url=&#8221;https:\/\/mapp.it\/mobile-apps\/&#8221; align=&#8221;right&#8221; id=&#8221;install&#8221; outline_skin=&#8221;light&#8221;]instalar[\/mk_button][\/vc_column_inner][\/vc_row_inner][\/vc_column][\/mk_page_section][vc_row][vc_column][mk_image_slideshow images=&#8221;806,800,803,809,812&#8243; image_width=&#8221;1380&#8243; image_height=&#8221;828&#8243; slideshow_speed=&#8221;2000&#8243; pause_on_hover=&#8221;true&#8221;][\/vc_column][\/vc_row][mk_page_section bg_gradient=&#8221;horizontal&#8221; video_color_mask=&#8221;#16b0cf&#8221; gr_end=&#8221;#1090ce&#8221; video_opacity=&#8221;1&#8243; padding_top=&#8221;50&#8243; padding_bottom=&#8221;0&#8243; margin_bottom=&#8221;30&#8243; sidebar=&#8221;sidebar-1&#8243;][vc_column][vc_row_inner is_fullwidth_content=&#8221;false&#8221;][vc_column_inner][mk_fancy_title color=&#8221;#ffffff&#8221; size=&#8221;38&#8243; font_weight=&#8221;500&#8243; font_family=&#8221;none&#8221; responsive_align=&#8221;left&#8221;]Vantagens[\/mk_fancy_title][\/vc_column_inner][\/vc_row_inner][vc_row_inner is_fullwidth_content=&#8221;false&#8221;][vc_column_inner width=&#8221;1\/2&#8243;][mk_fancy_title tag_name=&#8221;span&#8221; color=&#8221;#ffffff&#8221; size=&#8221;16&#8243; font_weight=&#8221;300&#8243; font_family=&#8221;none&#8221; responsive_align=&#8221;left&#8221;]<span style=\"color: #ffffff;\"><img loading=\"lazy\" decoding=\"async\" class=\"size-full wp-image-704 alignleft\" src=\"http:\/\/mapp.it\/wp-content\/uploads\/2017\/05\/advantages_icon_01.png\" alt=\"\" width=\"47\" height=\"47\" srcset=\"https:\/\/mapp.it\/wp-content\/uploads\/2017\/05\/advantages_icon_01.png 47w, https:\/\/mapp.it\/wp-content\/uploads\/2017\/05\/advantages_icon_01-1024x1024.png 1024w\" sizes=\"(max-width: 47px) 100vw, 47px\" \/><\/span>NDVI \u00e0 planta<br \/>\n(exclui vegeta\u00e7\u00e3o na entrelinha<br \/>\ne outras interfer\u00eancias)[\/mk_fancy_title][\/vc_column_inner][vc_column_inner width=&#8221;1\/2&#8243;][mk_fancy_title tag_name=&#8221;span&#8221; color=&#8221;#ffffff&#8221; size=&#8221;16&#8243; font_weight=&#8221;300&#8243; font_family=&#8221;none&#8221; responsive_align=&#8221;left&#8221;]<img loading=\"lazy\" decoding=\"async\" class=\"size-full wp-image-707 alignleft\" src=\"http:\/\/mapp.it\/wp-content\/uploads\/2017\/05\/advantages_icon_04.png\" alt=\"\" width=\"47\" height=\"47\" \/>Detec\u00e7\u00e3o precoce de pestes<br \/>\ne doen\u00e7as[\/mk_fancy_title][\/vc_column_inner][\/vc_row_inner][vc_row_inner is_fullwidth_content=&#8221;false&#8221;][vc_column_inner width=&#8221;1\/2&#8243;][mk_fancy_title tag_name=&#8221;span&#8221; color=&#8221;#ffffff&#8221; size=&#8221;16&#8243; font_weight=&#8221;300&#8243; font_family=&#8221;none&#8221; responsive_align=&#8221;left&#8221;]<img loading=\"lazy\" decoding=\"async\" class=\"size-full wp-image-705 alignleft\" src=\"http:\/\/mapp.it\/wp-content\/uploads\/2017\/05\/advantages_icon_02.png\" alt=\"\" width=\"47\" height=\"47\" \/>Fus\u00e3o de dados de<br \/>\nsat\u00e9lite e drone[\/mk_fancy_title][\/vc_column_inner][vc_column_inner width=&#8221;1\/2&#8243;][mk_fancy_title tag_name=&#8221;span&#8221; color=&#8221;#ffffff&#8221; size=&#8221;16&#8243; font_weight=&#8221;300&#8243; font_family=&#8221;none&#8221; responsive_align=&#8221;left&#8221;]<img loading=\"lazy\" decoding=\"async\" class=\"size-full wp-image-708 alignleft\" src=\"http:\/\/mapp.it\/wp-content\/uploads\/2017\/05\/advantages_icon_05.png\" alt=\"\" width=\"47\" height=\"47\" \/>Avalie a qualidade da uva<br \/>\ne estimativas de rendimento a partir do ar[\/mk_fancy_title][\/vc_column_inner][\/vc_row_inner][vc_row_inner is_fullwidth_content=&#8221;false&#8221;][vc_column_inner width=&#8221;1\/2&#8243;][mk_fancy_title tag_name=&#8221;span&#8221; color=&#8221;#ffffff&#8221; size=&#8221;16&#8243; font_weight=&#8221;300&#8243; font_family=&#8221;none&#8221; responsive_align=&#8221;left&#8221;]<img loading=\"lazy\" decoding=\"async\" class=\"size-full wp-image-706 alignleft\" src=\"http:\/\/mapp.it\/wp-content\/uploads\/2017\/05\/advantages_icon_03.png\" alt=\"\" width=\"47\" height=\"47\" \/>Actualiza\u00e7\u00e3o do estado da vinha<br \/>\na cada 5 dias[\/mk_fancy_title][\/vc_column_inner][vc_column_inner width=&#8221;1\/2&#8243;][\/vc_column_inner][\/vc_row_inner][\/vc_column][\/mk_page_section][vc_row css=&#8221;.vc_custom_1495192248355{margin-bottom: 30px !important;}&#8221; id=&#8221;video&#8221;][vc_column css=&#8221;.vc_custom_1494952120549{margin-top: 40px !important;}&#8221;][mk_fancy_title color=&#8221;#0e92cf&#8221; size=&#8221;38&#8243; font_weight=&#8221;300&#8243; txt_transform=&#8221;uppercase&#8221; font_family=&#8221;none&#8221; align=&#8221;center&#8221;]Veja como funciona[\/mk_fancy_title][vc_video max_width=&#8221;900&#8243; link=&#8221;https:\/\/youtu.be\/WwX85VaAMvs?si=aEZZYLL7D9lJOqFh&#8221; animation=&#8221;fade-in&#8221;][\/vc_column][\/vc_row][vc_row el_class=&#8221;custom_case_studies&#8221;][vc_column css=&#8221;.vc_custom_1494952120549{margin-top: 40px !important;}&#8221;][mk_fancy_title color=&#8221;#0e92cf&#8221; size=&#8221;38&#8243; font_weight=&#8221;300&#8243; txt_transform=&#8221;uppercase&#8221; font_family=&#8221;none&#8221; align=&#8221;center&#8221;]Blog[\/mk_fancy_title][mk_blog style=&#8221;grid&#8221; post_count=&#8221;3&#8243; transparent_border=&#8221;true&#8221; pagination_style=&#8221;2&#8243;][\/vc_column][\/vc_row][mk_page_section bg_image=&#8221;http:\/\/mapp.it\/wp-content\/uploads\/2017\/05\/footer.jpg&#8221; bg_color=&#8221;rgba(0,0,0,0.55)&#8221; blend_mode=&#8221;darken&#8221; bg_position=&#8221;center center&#8221; bg_stretch=&#8221;true&#8221; min_height=&#8221;370&#8243; sidebar=&#8221;sidebar-1&#8243;][vc_column][mk_padding_divider][mk_fancy_title color=&#8221;#ffffff&#8221; size=&#8221;38&#8243; font_weight=&#8221;300&#8243; txt_transform=&#8221;uppercase&#8221; margin_bottom=&#8221;0&#8243; font_family=&#8221;none&#8221; align=&#8221;center&#8221;]Contactos[\/mk_fancy_title][vc_column_text align=&#8221;center&#8221;]<span style=\"color: #ffffff;\">Rua de Fund\u00f5es 151<\/span><br \/>\n<span style=\"color: #ffffff;\">3700-121 S. Jo\u00e3o da Madeira, Portugal <\/span>[\/vc_column_text][vc_row_inner][vc_column_inner width=&#8221;1\/3&#8243;][mk_button dimension=&#8221;outline&#8221; size=&#8221;large&#8221; url=&#8221;#&#8221; align=&#8221;right&#8221; margin_right=&#8221;0&#8243; outline_skin=&#8221;light&#8221;]+351 256 001 949[\/mk_button][\/vc_column_inner][vc_column_inner width=&#8221;1\/3&#8243;][mk_fancy_title color=&#8221;#ffffff&#8221; size=&#8221;38&#8243; font_weight=&#8221;300&#8243; txt_transform=&#8221;uppercase&#8221; margin_bottom=&#8221;0&#8243; font_family=&#8221;none&#8221; align=&#8221;center&#8221;]ou[\/mk_fancy_title][\/vc_column_inner][vc_column_inner width=&#8221;1\/3&#8243;][mk_button dimension=&#8221;outline&#8221; size=&#8221;large&#8221; url=&#8221;mailto:info@mapp.it&#8221; outline_skin=&#8221;light&#8221;]info@mapp.it[\/mk_button][\/vc_column_inner][\/vc_row_inner][mk_social_networks size=&#8221;medium&#8221; style=&#8221;simple&#8221; margin=&#8221;7&#8243; icon_color=&#8221;#ffffff&#8221; icon_hover_color=&#8221;#eeeeee&#8221; align=&#8221;center&#8221; facebook=&#8221;#&#8221; twitter=&#8221;#&#8221; linkedin=&#8221;#&#8221; youtube=&#8221;#&#8221;][\/vc_column][\/mk_page_section]\n","protected":false},"excerpt":{"rendered":"<p>[mk_page_section bg_image=&#8221;http:\/\/mapp.it\/wp-content\/uploads\/2018\/05\/tim-mossholder-95235.jpg&#8221; bg_position=&#8221;left center&#8221; bg_repeat=&#8221;no-repeat&#8221; bg_stretch=&#8221;true&#8221; min_height=&#8221;370&#8243; full_width=&#8221;true&#8221; js_vertical_centered=&#8221;true&#8221; sidebar=&#8221;sidebar-1&#8243;][vc_column][vc_row_inner is_fullwidth_content=&#8221;false&#8221;][vc_column_inner][mk_fancy_title color=&#8221;#ffffff&#8221; size=&#8221;38&#8243; font_weight=&#8221;500&#8243; txt_transform=&#8221;uppercase&#8221; margin_bottom=&#8221;0&#8243; font_family=&#8221;none&#8221; responsive_align=&#8221;left&#8221;]Viticultura[\/mk_fancy_title][vc_column_text margin_bottom=&#8221;10&#8243;]veja como funciona[\/vc_column_text][mk_image src=&#8221;http:\/\/mapp.it\/wp-content\/uploads\/2017\/05\/video.png&#8221; image_size=&#8221;full&#8221; link=&#8221;#video&#8221;][\/vc_column_inner][\/vc_row_inner][\/vc_column][\/mk_page_section][mk_page_section bg_position=&#8221;right center&#8221; bg_repeat=&#8221;no-repeat&#8221; padding_top=&#8221;60&#8243; sidebar=&#8221;sidebar-1&#8243;][vc_column width=&#8221;1\/6&#8243;][mk_image src=&#8221;http:\/\/mapp.it\/wp-content\/uploads\/2017\/05\/viniculture_steps_1.png&#8221; image_size=&#8221;medium&#8221; link=&#8221;#&#8221;][\/vc_column][vc_column width=&#8221;3\/6&#8243;][mk_padding_divider][mk_fancy_title color=&#8221;#0e92cf&#8221; size=&#8221;24&#8243; txt_transform=&#8221;uppercase&#8221; margin_bottom=&#8221;0&#8243; font_family=&#8221;none&#8221; responsive_align=&#8221;left&#8221;]DETECTE, LOCALIZE E CONTE FALHAS NA VINHA[\/mk_fancy_title][mk_fancy_title tag_name=&#8221;span&#8221; color=&#8221;#333333&#8243; size=&#8221;16&#8243; font_weight=&#8221;300&#8243; margin_bottom=&#8221;0&#8243; font_family=&#8221;none&#8221; responsive_align=&#8221;left&#8221; el_class=&#8221;bullets_blue&#8221;] saiba [&hellip;]<\/p>\n","protected":false},"author":1,"featured_media":0,"parent":0,"menu_order":0,"comment_status":"closed","ping_status":"closed","template":"","meta":{"footnotes":""},"yoast_head":"<!-- This site is optimized with the Yoast SEO plugin v23.9 - https:\/\/yoast.com\/wordpress\/plugins\/seo\/ -->\n<title>Aplica\u00e7\u00e3o M\u00f3vel para Viticultura de Precis\u00e3o<\/title>\n<meta name=\"description\" content=\"Aplica\u00e7\u00e3o m\u00f3vel para viticultura de precis\u00e3o que permite monitoriza\u00e7\u00e3o cont\u00ednua da explora\u00e7\u00e3o, detec\u00e7\u00e3o de \u00e1reas com problemas e anota\u00e7\u00e3o de observa\u00e7\u00f5es no campo\" \/>\n<meta name=\"robots\" content=\"index, follow, max-snippet:-1, max-image-preview:large, max-video-preview:-1\" \/>\n<link rel=\"canonical\" href=\"https:\/\/mapp.it\/pt-pt\/vineyard-app\/\" \/>\n<meta property=\"og:locale\" content=\"pt_PT\" \/>\n<meta property=\"og:type\" content=\"article\" \/>\n<meta property=\"og:title\" content=\"Aplica\u00e7\u00e3o M\u00f3vel para Viticultura de Precis\u00e3o\" \/>\n<meta property=\"og:description\" content=\"Aplica\u00e7\u00e3o m\u00f3vel para viticultura de precis\u00e3o que permite monitoriza\u00e7\u00e3o cont\u00ednua da explora\u00e7\u00e3o, detec\u00e7\u00e3o de \u00e1reas com problemas e anota\u00e7\u00e3o de observa\u00e7\u00f5es no campo\" \/>\n<meta property=\"og:url\" content=\"https:\/\/mapp.it\/vineyard-app\/\" \/>\n<meta property=\"og:site_name\" content=\"MAPP\" \/>\n<meta property=\"article:modified_time\" content=\"2025-10-23T08:31:55+00:00\" \/>\n<meta property=\"og:image\" content=\"http:\/\/mapp.it\/wp-content\/uploads\/2017\/05\/advantages_icon_01.png\" \/>\n<meta name=\"twitter:card\" content=\"summary_large_image\" \/>\n<meta name=\"twitter:label1\" content=\"Est. reading time\" \/>\n\t<meta name=\"twitter:data1\" content=\"4 minutos\" \/>\n<script type=\"application\/ld+json\" class=\"yoast-schema-graph\">{\"@context\":\"https:\/\/schema.org\",\"@graph\":[{\"@type\":\"WebPage\",\"@id\":\"https:\/\/mapp.it\/vineyard-app\/\",\"url\":\"https:\/\/mapp.it\/vineyard-app\/\",\"name\":\"Aplica\u00e7\u00e3o M\u00f3vel para Viticultura de Precis\u00e3o\",\"isPartOf\":{\"@id\":\"https:\/\/mapp.it\/#website\"},\"primaryImageOfPage\":{\"@id\":\"https:\/\/mapp.it\/vineyard-app\/#primaryimage\"},\"image\":{\"@id\":\"https:\/\/mapp.it\/vineyard-app\/#primaryimage\"},\"thumbnailUrl\":\"http:\/\/mapp.it\/wp-content\/uploads\/2017\/05\/advantages_icon_01.png\",\"datePublished\":\"2021-03-11T12:50:35+00:00\",\"dateModified\":\"2025-10-23T08:31:55+00:00\",\"description\":\"Aplica\u00e7\u00e3o m\u00f3vel para viticultura de precis\u00e3o que permite monitoriza\u00e7\u00e3o cont\u00ednua da explora\u00e7\u00e3o, detec\u00e7\u00e3o de \u00e1reas com problemas e anota\u00e7\u00e3o de observa\u00e7\u00f5es no campo\",\"breadcrumb\":{\"@id\":\"https:\/\/mapp.it\/vineyard-app\/#breadcrumb\"},\"inLanguage\":\"pt-PT\",\"potentialAction\":[{\"@type\":\"ReadAction\",\"target\":[\"https:\/\/mapp.it\/vineyard-app\/\"]}]},{\"@type\":\"ImageObject\",\"inLanguage\":\"pt-PT\",\"@id\":\"https:\/\/mapp.it\/vineyard-app\/#primaryimage\",\"url\":\"http:\/\/mapp.it\/wp-content\/uploads\/2017\/05\/advantages_icon_01.png\",\"contentUrl\":\"http:\/\/mapp.it\/wp-content\/uploads\/2017\/05\/advantages_icon_01.png\"},{\"@type\":\"BreadcrumbList\",\"@id\":\"https:\/\/mapp.it\/vineyard-app\/#breadcrumb\",\"itemListElement\":[{\"@type\":\"ListItem\",\"position\":1,\"name\":\"Home\",\"item\":\"https:\/\/mapp.it\/pt-pt\/\"},{\"@type\":\"ListItem\",\"position\":2,\"name\":\"Viticultura\"}]},{\"@type\":\"WebSite\",\"@id\":\"https:\/\/mapp.it\/#website\",\"url\":\"https:\/\/mapp.it\/\",\"name\":\"Mapp.it\",\"description\":\"MAPP - Remote sensing for precision agriculture, forestry and mapping\",\"publisher\":{\"@id\":\"https:\/\/mapp.it\/#organization\"},\"potentialAction\":[{\"@type\":\"SearchAction\",\"target\":{\"@type\":\"EntryPoint\",\"urlTemplate\":\"https:\/\/mapp.it\/?s={search_term_string}\"},\"query-input\":{\"@type\":\"PropertyValueSpecification\",\"valueRequired\":true,\"valueName\":\"search_term_string\"}}],\"inLanguage\":\"pt-PT\"},{\"@type\":\"Organization\",\"@id\":\"https:\/\/mapp.it\/#organization\",\"name\":\"Mapp.it\",\"url\":\"https:\/\/mapp.it\/\",\"logo\":{\"@type\":\"ImageObject\",\"inLanguage\":\"pt-PT\",\"@id\":\"https:\/\/mapp.it\/#\/schema\/logo\/image\/\",\"url\":\"https:\/\/mapp.it\/wp-content\/uploads\/2024\/11\/manifest-icon-512.png\",\"contentUrl\":\"https:\/\/mapp.it\/wp-content\/uploads\/2024\/11\/manifest-icon-512.png\",\"width\":512,\"height\":512,\"caption\":\"Mapp.it\"},\"image\":{\"@id\":\"https:\/\/mapp.it\/#\/schema\/logo\/image\/\"},\"sameAs\":[\"https:\/\/medium.com\/@mapp\",\"https:\/\/www.linkedin.com\/company\/mapp-it\/\"]}]}<\/script>\n<!-- \/ Yoast SEO plugin. -->","yoast_head_json":{"title":"Aplica\u00e7\u00e3o M\u00f3vel para Viticultura de Precis\u00e3o","description":"Aplica\u00e7\u00e3o m\u00f3vel para viticultura de precis\u00e3o que permite monitoriza\u00e7\u00e3o cont\u00ednua da explora\u00e7\u00e3o, detec\u00e7\u00e3o de \u00e1reas com problemas e anota\u00e7\u00e3o de observa\u00e7\u00f5es no campo","robots":{"index":"index","follow":"follow","max-snippet":"max-snippet:-1","max-image-preview":"max-image-preview:large","max-video-preview":"max-video-preview:-1"},"canonical":"https:\/\/mapp.it\/pt-pt\/vineyard-app\/","og_locale":"pt_PT","og_type":"article","og_title":"Aplica\u00e7\u00e3o M\u00f3vel para Viticultura de Precis\u00e3o","og_description":"Aplica\u00e7\u00e3o m\u00f3vel para viticultura de precis\u00e3o que permite monitoriza\u00e7\u00e3o cont\u00ednua da explora\u00e7\u00e3o, detec\u00e7\u00e3o de \u00e1reas com problemas e anota\u00e7\u00e3o de observa\u00e7\u00f5es no campo","og_url":"https:\/\/mapp.it\/vineyard-app\/","og_site_name":"MAPP","article_modified_time":"2025-10-23T08:31:55+00:00","og_image":[{"url":"http:\/\/mapp.it\/wp-content\/uploads\/2017\/05\/advantages_icon_01.png"}],"twitter_card":"summary_large_image","twitter_misc":{"Est. reading time":"4 minutos"},"schema":{"@context":"https:\/\/schema.org","@graph":[{"@type":"WebPage","@id":"https:\/\/mapp.it\/vineyard-app\/","url":"https:\/\/mapp.it\/vineyard-app\/","name":"Aplica\u00e7\u00e3o M\u00f3vel para Viticultura de Precis\u00e3o","isPartOf":{"@id":"https:\/\/mapp.it\/#website"},"primaryImageOfPage":{"@id":"https:\/\/mapp.it\/vineyard-app\/#primaryimage"},"image":{"@id":"https:\/\/mapp.it\/vineyard-app\/#primaryimage"},"thumbnailUrl":"http:\/\/mapp.it\/wp-content\/uploads\/2017\/05\/advantages_icon_01.png","datePublished":"2021-03-11T12:50:35+00:00","dateModified":"2025-10-23T08:31:55+00:00","description":"Aplica\u00e7\u00e3o m\u00f3vel para viticultura de precis\u00e3o que permite monitoriza\u00e7\u00e3o cont\u00ednua da explora\u00e7\u00e3o, detec\u00e7\u00e3o de \u00e1reas com problemas e anota\u00e7\u00e3o de observa\u00e7\u00f5es no campo","breadcrumb":{"@id":"https:\/\/mapp.it\/vineyard-app\/#breadcrumb"},"inLanguage":"pt-PT","potentialAction":[{"@type":"ReadAction","target":["https:\/\/mapp.it\/vineyard-app\/"]}]},{"@type":"ImageObject","inLanguage":"pt-PT","@id":"https:\/\/mapp.it\/vineyard-app\/#primaryimage","url":"http:\/\/mapp.it\/wp-content\/uploads\/2017\/05\/advantages_icon_01.png","contentUrl":"http:\/\/mapp.it\/wp-content\/uploads\/2017\/05\/advantages_icon_01.png"},{"@type":"BreadcrumbList","@id":"https:\/\/mapp.it\/vineyard-app\/#breadcrumb","itemListElement":[{"@type":"ListItem","position":1,"name":"Home","item":"https:\/\/mapp.it\/pt-pt\/"},{"@type":"ListItem","position":2,"name":"Viticultura"}]},{"@type":"WebSite","@id":"https:\/\/mapp.it\/#website","url":"https:\/\/mapp.it\/","name":"Mapp.it","description":"MAPP - Remote sensing for precision agriculture, forestry and mapping","publisher":{"@id":"https:\/\/mapp.it\/#organization"},"potentialAction":[{"@type":"SearchAction","target":{"@type":"EntryPoint","urlTemplate":"https:\/\/mapp.it\/?s={search_term_string}"},"query-input":{"@type":"PropertyValueSpecification","valueRequired":true,"valueName":"search_term_string"}}],"inLanguage":"pt-PT"},{"@type":"Organization","@id":"https:\/\/mapp.it\/#organization","name":"Mapp.it","url":"https:\/\/mapp.it\/","logo":{"@type":"ImageObject","inLanguage":"pt-PT","@id":"https:\/\/mapp.it\/#\/schema\/logo\/image\/","url":"https:\/\/mapp.it\/wp-content\/uploads\/2024\/11\/manifest-icon-512.png","contentUrl":"https:\/\/mapp.it\/wp-content\/uploads\/2024\/11\/manifest-icon-512.png","width":512,"height":512,"caption":"Mapp.it"},"image":{"@id":"https:\/\/mapp.it\/#\/schema\/logo\/image\/"},"sameAs":["https:\/\/medium.com\/@mapp","https:\/\/www.linkedin.com\/company\/mapp-it\/"]}]}},"_links":{"self":[{"href":"https:\/\/mapp.it\/pt-pt\/wp-json\/wp\/v2\/pages\/696"}],"collection":[{"href":"https:\/\/mapp.it\/pt-pt\/wp-json\/wp\/v2\/pages"}],"about":[{"href":"https:\/\/mapp.it\/pt-pt\/wp-json\/wp\/v2\/types\/page"}],"author":[{"embeddable":true,"href":"https:\/\/mapp.it\/pt-pt\/wp-json\/wp\/v2\/users\/1"}],"replies":[{"embeddable":true,"href":"https:\/\/mapp.it\/pt-pt\/wp-json\/wp\/v2\/comments?post=696"}],"version-history":[{"count":21,"href":"https:\/\/mapp.it\/pt-pt\/wp-json\/wp\/v2\/pages\/696\/revisions"}],"predecessor-version":[{"id":1528,"href":"https:\/\/mapp.it\/pt-pt\/wp-json\/wp\/v2\/pages\/696\/revisions\/1528"}],"wp:attachment":[{"href":"https:\/\/mapp.it\/pt-pt\/wp-json\/wp\/v2\/media?parent=696"}],"curies":[{"name":"wp","href":"https:\/\/api.w.org\/{rel}","templated":true}]}}